{"id":1095,"date":"2024-08-10T18:48:25","date_gmt":"2024-08-10T18:48:25","guid":{"rendered":"https:\/\/metodologiarof.es\/?page_id=1095"},"modified":"2024-08-11T20:39:58","modified_gmt":"2024-08-11T20:39:58","slug":"bloque-compacto-2","status":"publish","type":"page","link":"https:\/\/metodologiarof.es\/index.php\/bloque-compacto-2\/","title":{"rendered":"BLOQUE COMPACTO"},"content":{"rendered":"\n<p><a href=\"https:\/\/youtu.be\/R4Ld1E-BkFE\">261_Cerrar l\u00edneas pase 2C+4vs4+2c 4PORTERIAS PEQUE\u00d1AS<\/a> (video)<\/p>\n\n\n\n<figure class=\"wp-block-embed is-type-video is-provider-youtube wp-block-embed-youtube wp-embed-aspect-16-9 wp-has-aspect-ratio\"><div class=\"wp-block-embed__wrapper\">\n<iframe loading=\"lazy\" title=\"261 Cerrar lineas pase 2C+4vs4+2c 4PORTERIAS PEQUE\u00d1AS\" width=\"640\" height=\"360\" src=\"https:\/\/www.youtube.com\/embed\/R4Ld1E-BkFE?feature=oembed\" frameborder=\"0\" allow=\"accelerometer; autoplay; clipboard-write; encrypted-media; gyroscope; picture-in-picture; web-share\" referrerpolicy=\"strict-origin-when-cross-origin\" allowfullscreen><\/iframe>\n<\/div><\/figure>\n\n\n\n<p><a href=\"https:\/\/youtu.be\/oatxTIGKUFE\">262_EJERCICIO DE LINEA DEFENSIVA<\/a> (video)<\/p>\n\n\n\n<figure class=\"wp-block-embed is-type-video is-provider-youtube wp-block-embed-youtube wp-embed-aspect-16-9 wp-has-aspect-ratio\"><div class=\"wp-block-embed__wrapper\">\n<iframe loading=\"lazy\" title=\"262 EJERCICIO DE LINEA DEFENSIVA\" width=\"640\" height=\"360\" src=\"https:\/\/www.youtube.com\/embed\/oatxTIGKUFE?feature=oembed\" frameborder=\"0\" allow=\"accelerometer; autoplay; clipboard-write; encrypted-media; gyroscope; picture-in-picture; web-share\" referrerpolicy=\"strict-origin-when-cross-origin\" allowfullscreen><\/iframe>\n<\/div><\/figure>\n\n\n\n<p><a href=\"https:\/\/youtu.be\/9jI8LIb80Uo\">263_T\u00e1ctica L\u00edneas. Ataque a los Adversarios<\/a> (video)<\/p>\n\n\n\n<figure class=\"wp-block-embed is-type-video is-provider-youtube wp-block-embed-youtube wp-embed-aspect-16-9 wp-has-aspect-ratio\"><div class=\"wp-block-embed__wrapper\">\n<iframe loading=\"lazy\" title=\"263 T\u00e1ctica L\u00edneas  Ataque a los Adversarios\" width=\"640\" height=\"360\" src=\"https:\/\/www.youtube.com\/embed\/9jI8LIb80Uo?feature=oembed\" frameborder=\"0\" allow=\"accelerometer; autoplay; clipboard-write; encrypted-media; gyroscope; picture-in-picture; web-share\" referrerpolicy=\"strict-origin-when-cross-origin\" allowfullscreen><\/iframe>\n<\/div><\/figure>\n\n\n\n<p><a href=\"https:\/\/youtu.be\/U2ix_8efrgY\">264_DEFENDER CENTROS laterales<\/a> (video)<\/p>\n\n\n\n<figure class=\"wp-block-embed is-type-video is-provider-youtube wp-block-embed-youtube wp-embed-aspect-16-9 wp-has-aspect-ratio\"><div class=\"wp-block-embed__wrapper\">\n<iframe loading=\"lazy\" title=\"264 DEFENDER CENTROS laterales\" width=\"640\" height=\"360\" src=\"https:\/\/www.youtube.com\/embed\/U2ix_8efrgY?feature=oembed\" frameborder=\"0\" allow=\"accelerometer; autoplay; clipboard-write; encrypted-media; gyroscope; picture-in-picture; web-share\" referrerpolicy=\"strict-origin-when-cross-origin\" allowfullscreen><\/iframe>\n<\/div><\/figure>\n\n\n\n<p><a href=\"https:\/\/youtu.be\/YrCorgnDWjc\">265_Evitar pases entre l\u00edneas campo grande<\/a> (video)<\/p>\n\n\n\n<figure class=\"wp-block-embed is-type-video is-provider-youtube wp-block-embed-youtube wp-embed-aspect-16-9 wp-has-aspect-ratio\"><div class=\"wp-block-embed__wrapper\">\n<iframe loading=\"lazy\" title=\"265 Evitar pases entre l\u00edneas campo grande\" width=\"640\" height=\"360\" src=\"https:\/\/www.youtube.com\/embed\/YrCorgnDWjc?feature=oembed\" frameborder=\"0\" allow=\"accelerometer; autoplay; clipboard-write; encrypted-media; gyroscope; picture-in-picture; web-share\" referrerpolicy=\"strict-origin-when-cross-origin\" allowfullscreen><\/iframe>\n<\/div><\/figure>\n\n\n\n<p><a href=\"https:\/\/youtu.be\/ifpQTnIoQGU\">266_Ejercicio Para la L\u00ednea de 4<\/a> (video)<\/p>\n\n\n\n<figure class=\"wp-block-embed is-type-video is-provider-youtube wp-block-embed-youtube wp-embed-aspect-16-9 wp-has-aspect-ratio\"><div class=\"wp-block-embed__wrapper\">\n<iframe loading=\"lazy\" title=\"266 Ejercicio Para la L\u00ednea de 4\" width=\"640\" height=\"360\" src=\"https:\/\/www.youtube.com\/embed\/ifpQTnIoQGU?feature=oembed\" frameborder=\"0\" allow=\"accelerometer; autoplay; clipboard-write; encrypted-media; gyroscope; picture-in-picture; web-share\" referrerpolicy=\"strict-origin-when-cross-origin\" allowfullscreen><\/iframe>\n<\/div><\/figure>\n\n\n\n<p><a href=\"https:\/\/youtu.be\/Mac0JUpNkDw\">267_Bloque defensivo compacto equipo corto y Estrecho<\/a> (video)<\/p>\n\n\n\n<figure class=\"wp-block-embed is-type-video is-provider-youtube wp-block-embed-youtube wp-embed-aspect-16-9 wp-has-aspect-ratio\"><div class=\"wp-block-embed__wrapper\">\n<iframe loading=\"lazy\" title=\"267 Bloque defensivo compacto equipo corto y Estrecho\" width=\"640\" height=\"360\" src=\"https:\/\/www.youtube.com\/embed\/Mac0JUpNkDw?feature=oembed\" frameborder=\"0\" allow=\"accelerometer; autoplay; clipboard-write; encrypted-media; gyroscope; picture-in-picture; web-share\" referrerpolicy=\"strict-origin-when-cross-origin\" allowfullscreen><\/iframe>\n<\/div><\/figure>\n\n\n\n<p><a href=\"https:\/\/youtu.be\/JbS2Ggtt3VM\">268_Duelos por sector<\/a> (video)<\/p>\n\n\n\n<figure class=\"wp-block-embed is-type-video is-provider-youtube wp-block-embed-youtube wp-embed-aspect-16-9 wp-has-aspect-ratio\"><div class=\"wp-block-embed__wrapper\">\n<iframe loading=\"lazy\" title=\"268 Duelos por sector\" width=\"640\" height=\"360\" src=\"https:\/\/www.youtube.com\/embed\/JbS2Ggtt3VM?feature=oembed\" frameborder=\"0\" allow=\"accelerometer; autoplay; clipboard-write; encrypted-media; gyroscope; picture-in-picture; web-share\" referrerpolicy=\"strict-origin-when-cross-origin\" allowfullscreen><\/iframe>\n<\/div><\/figure>\n","protected":false},"excerpt":{"rendered":"<p>261_Cerrar l\u00edneas pase 2C+4vs4+2c 4PORTERIAS PEQUE\u00d1AS (video) 262_EJERCICIO DE LINEA DEFENSIVA (video) 263_T\u00e1ctica L\u00edneas. Ataque a los Adversarios (video) 264_DEFENDER CENTROS laterales (video) 265_Evitar pases entre l\u00edneas campo grande (video) 266_Ejercicio Para la L\u00ednea de 4 (video) 267_Bloque defensivo compacto equipo corto y Estrecho (video) 268_Duelos por sector (video)<\/p>\n","protected":false},"author":1,"featured_media":0,"parent":0,"menu_order":0,"comment_status":"closed","ping_status":"closed","template":"","meta":{"footnotes":""},"class_list":["post-1095","page","type-page","status-publish","hentry"],"yoast_head":"<!-- This site is optimized with the Yoast SEO plugin v23.2 - https:\/\/yoast.com\/wordpress\/plugins\/seo\/ -->\n<title>BLOQUE COMPACTO - Sociedad Deportiva LENENSE<\/title>\n<meta name=\"robots\" content=\"index, follow, max-snippet:-1, max-image-preview:large, max-video-preview:-1\" \/>\n<link rel=\"canonical\" href=\"https:\/\/metodologiarof.es\/index.php\/bloque-compacto-2\/\" \/>\n<meta property=\"og:locale\" content=\"es_ES\" \/>\n<meta property=\"og:type\" content=\"article\" \/>\n<meta property=\"og:title\" content=\"BLOQUE COMPACTO - Sociedad Deportiva LENENSE\" \/>\n<meta property=\"og:description\" content=\"261_Cerrar l\u00edneas pase 2C+4vs4+2c 4PORTERIAS PEQUE\u00d1AS (video) 262_EJERCICIO DE LINEA DEFENSIVA (video) 263_T\u00e1ctica L\u00edneas. Ataque a los Adversarios (video) 264_DEFENDER CENTROS laterales (video) 265_Evitar pases entre l\u00edneas campo grande (video) 266_Ejercicio Para la L\u00ednea de 4 (video) 267_Bloque defensivo compacto equipo corto y Estrecho (video) 268_Duelos por sector (video)\" \/>\n<meta property=\"og:url\" content=\"https:\/\/metodologiarof.es\/index.php\/bloque-compacto-2\/\" \/>\n<meta property=\"og:site_name\" content=\"Sociedad Deportiva LENENSE\" \/>\n<meta property=\"article:modified_time\" content=\"2024-08-11T20:39:58+00:00\" \/>\n<meta name=\"twitter:card\" content=\"summary_large_image\" \/>\n<meta name=\"twitter:label1\" content=\"Tiempo de lectura\" \/>\n\t<meta name=\"twitter:data1\" content=\"1 minuto\" \/>\n<script type=\"application\/ld+json\" class=\"yoast-schema-graph\">{\"@context\":\"https:\/\/schema.org\",\"@graph\":[{\"@type\":\"WebPage\",\"@id\":\"https:\/\/metodologiarof.es\/index.php\/bloque-compacto-2\/\",\"url\":\"https:\/\/metodologiarof.es\/index.php\/bloque-compacto-2\/\",\"name\":\"BLOQUE COMPACTO - Sociedad Deportiva LENENSE\",\"isPartOf\":{\"@id\":\"https:\/\/metodologiarof.es\/#website\"},\"datePublished\":\"2024-08-10T18:48:25+00:00\",\"dateModified\":\"2024-08-11T20:39:58+00:00\",\"breadcrumb\":{\"@id\":\"https:\/\/metodologiarof.es\/index.php\/bloque-compacto-2\/#breadcrumb\"},\"inLanguage\":\"es\",\"potentialAction\":[{\"@type\":\"ReadAction\",\"target\":[\"https:\/\/metodologiarof.es\/index.php\/bloque-compacto-2\/\"]}]},{\"@type\":\"BreadcrumbList\",\"@id\":\"https:\/\/metodologiarof.es\/index.php\/bloque-compacto-2\/#breadcrumb\",\"itemListElement\":[{\"@type\":\"ListItem\",\"position\":1,\"name\":\"Portada\",\"item\":\"https:\/\/metodologiarof.es\/\"},{\"@type\":\"ListItem\",\"position\":2,\"name\":\"BLOQUE COMPACTO\"}]},{\"@type\":\"WebSite\",\"@id\":\"https:\/\/metodologiarof.es\/#website\",\"url\":\"https:\/\/metodologiarof.es\/\",\"name\":\"Sociedad Deportiva LENENSE\",\"description\":\"\",\"publisher\":{\"@id\":\"https:\/\/metodologiarof.es\/#organization\"},\"potentialAction\":[{\"@type\":\"SearchAction\",\"target\":{\"@type\":\"EntryPoint\",\"urlTemplate\":\"https:\/\/metodologiarof.es\/?s={search_term_string}\"},\"query-input\":\"required name=search_term_string\"}],\"inLanguage\":\"es\"},{\"@type\":\"Organization\",\"@id\":\"https:\/\/metodologiarof.es\/#organization\",\"name\":\"Sociedad Deportiva LENENSE\",\"url\":\"https:\/\/metodologiarof.es\/\",\"logo\":{\"@type\":\"ImageObject\",\"inLanguage\":\"es\",\"@id\":\"https:\/\/metodologiarof.es\/#\/schema\/logo\/image\/\",\"url\":\"https:\/\/metodologiarof.es\/wp-content\/uploads\/2024\/08\/cropped-FUTBOL-BASE.jpeg\",\"contentUrl\":\"https:\/\/metodologiarof.es\/wp-content\/uploads\/2024\/08\/cropped-FUTBOL-BASE.jpeg\",\"width\":240,\"height\":45,\"caption\":\"Sociedad Deportiva LENENSE\"},\"image\":{\"@id\":\"https:\/\/metodologiarof.es\/#\/schema\/logo\/image\/\"}}]}<\/script>\n<!-- \/ Yoast SEO plugin. -->","yoast_head_json":{"title":"BLOQUE COMPACTO - Sociedad Deportiva LENENSE","robots":{"index":"index","follow":"follow","max-snippet":"max-snippet:-1","max-image-preview":"max-image-preview:large","max-video-preview":"max-video-preview:-1"},"canonical":"https:\/\/metodologiarof.es\/index.php\/bloque-compacto-2\/","og_locale":"es_ES","og_type":"article","og_title":"BLOQUE COMPACTO - Sociedad Deportiva LENENSE","og_description":"261_Cerrar l\u00edneas pase 2C+4vs4+2c 4PORTERIAS PEQUE\u00d1AS (video) 262_EJERCICIO DE LINEA DEFENSIVA (video) 263_T\u00e1ctica L\u00edneas. Ataque a los Adversarios (video) 264_DEFENDER CENTROS laterales (video) 265_Evitar pases entre l\u00edneas campo grande (video) 266_Ejercicio Para la L\u00ednea de 4 (video) 267_Bloque defensivo compacto equipo corto y Estrecho (video) 268_Duelos por sector (video)","og_url":"https:\/\/metodologiarof.es\/index.php\/bloque-compacto-2\/","og_site_name":"Sociedad Deportiva LENENSE","article_modified_time":"2024-08-11T20:39:58+00:00","twitter_card":"summary_large_image","twitter_misc":{"Tiempo de lectura":"1 minuto"},"schema":{"@context":"https:\/\/schema.org","@graph":[{"@type":"WebPage","@id":"https:\/\/metodologiarof.es\/index.php\/bloque-compacto-2\/","url":"https:\/\/metodologiarof.es\/index.php\/bloque-compacto-2\/","name":"BLOQUE COMPACTO - Sociedad Deportiva LENENSE","isPartOf":{"@id":"https:\/\/metodologiarof.es\/#website"},"datePublished":"2024-08-10T18:48:25+00:00","dateModified":"2024-08-11T20:39:58+00:00","breadcrumb":{"@id":"https:\/\/metodologiarof.es\/index.php\/bloque-compacto-2\/#breadcrumb"},"inLanguage":"es","potentialAction":[{"@type":"ReadAction","target":["https:\/\/metodologiarof.es\/index.php\/bloque-compacto-2\/"]}]},{"@type":"BreadcrumbList","@id":"https:\/\/metodologiarof.es\/index.php\/bloque-compacto-2\/#breadcrumb","itemListElement":[{"@type":"ListItem","position":1,"name":"Portada","item":"https:\/\/metodologiarof.es\/"},{"@type":"ListItem","position":2,"name":"BLOQUE COMPACTO"}]},{"@type":"WebSite","@id":"https:\/\/metodologiarof.es\/#website","url":"https:\/\/metodologiarof.es\/","name":"Sociedad Deportiva LENENSE","description":"","publisher":{"@id":"https:\/\/metodologiarof.es\/#organization"},"potentialAction":[{"@type":"SearchAction","target":{"@type":"EntryPoint","urlTemplate":"https:\/\/metodologiarof.es\/?s={search_term_string}"},"query-input":"required name=search_term_string"}],"inLanguage":"es"},{"@type":"Organization","@id":"https:\/\/metodologiarof.es\/#organization","name":"Sociedad Deportiva LENENSE","url":"https:\/\/metodologiarof.es\/","logo":{"@type":"ImageObject","inLanguage":"es","@id":"https:\/\/metodologiarof.es\/#\/schema\/logo\/image\/","url":"https:\/\/metodologiarof.es\/wp-content\/uploads\/2024\/08\/cropped-FUTBOL-BASE.jpeg","contentUrl":"https:\/\/metodologiarof.es\/wp-content\/uploads\/2024\/08\/cropped-FUTBOL-BASE.jpeg","width":240,"height":45,"caption":"Sociedad Deportiva LENENSE"},"image":{"@id":"https:\/\/metodologiarof.es\/#\/schema\/logo\/image\/"}}]}},"_links":{"self":[{"href":"https:\/\/metodologiarof.es\/index.php\/wp-json\/wp\/v2\/pages\/1095","targetHints":{"allow":["GET"]}}],"collection":[{"href":"https:\/\/metodologiarof.es\/index.php\/wp-json\/wp\/v2\/pages"}],"about":[{"href":"https:\/\/metodologiarof.es\/index.php\/wp-json\/wp\/v2\/types\/page"}],"author":[{"embeddable":true,"href":"https:\/\/metodologiarof.es\/index.php\/wp-json\/wp\/v2\/users\/1"}],"replies":[{"embeddable":true,"href":"https:\/\/metodologiarof.es\/index.php\/wp-json\/wp\/v2\/comments?post=1095"}],"version-history":[{"count":5,"href":"https:\/\/metodologiarof.es\/index.php\/wp-json\/wp\/v2\/pages\/1095\/revisions"}],"predecessor-version":[{"id":1327,"href":"https:\/\/metodologiarof.es\/index.php\/wp-json\/wp\/v2\/pages\/1095\/revisions\/1327"}],"wp:attachment":[{"href":"https:\/\/metodologiarof.es\/index.php\/wp-json\/wp\/v2\/media?parent=1095"}],"curies":[{"name":"wp","href":"https:\/\/api.w.org\/{rel}","templated":true}]}}