{"id":1098,"date":"2024-08-10T18:48:28","date_gmt":"2024-08-10T18:48:28","guid":{"rendered":"https:\/\/metodologiarof.es\/?page_id=1098"},"modified":"2024-08-11T20:49:53","modified_gmt":"2024-08-11T20:49:53","slug":"presion","status":"publish","type":"page","link":"https:\/\/metodologiarof.es\/index.php\/presion\/","title":{"rendered":"PRESI\u00d3N"},"content":{"rendered":"\n<p><a href=\"https:\/\/youtu.be\/a9fxRoeiteo\">275_PRESI\u00d3N BIELSA<\/a> (video)<\/p>\n\n\n\n<figure class=\"wp-block-embed is-type-video is-provider-youtube wp-block-embed-youtube wp-embed-aspect-16-9 wp-has-aspect-ratio\"><div class=\"wp-block-embed__wrapper\">\n<iframe loading=\"lazy\" title=\"117 Ejercicio de presi\u00f3n   Marcelo Bielsa\" width=\"640\" height=\"360\" src=\"https:\/\/www.youtube.com\/embed\/a9fxRoeiteo?feature=oembed\" frameborder=\"0\" allow=\"accelerometer; autoplay; clipboard-write; encrypted-media; gyroscope; picture-in-picture; web-share\" referrerpolicy=\"strict-origin-when-cross-origin\" allowfullscreen><\/iframe>\n<\/div><\/figure>\n\n\n\n<p><a href=\"https:\/\/metodologiarof.es\/wp-content\/uploads\/2024\/08\/275_PRESION.pdf\">275_PRESION<\/a><\/p>\n\n\n<a href=\"https:\/\/metodologiarof.es\/wp-content\/uploads\/2024\/08\/275_PRESION.pdf\" class=\"pdfemb-viewer\" style=\"\" data-width=\"max\" data-height=\"max\" data-toolbar=\"bottom\" data-toolbar-fixed=\"off\">275_PRESION<\/a>\n\n\n<p><a href=\"https:\/\/youtu.be\/k2uAk7Nsp20\">276 Movimientos de la l\u00ednea defensiva Trabajo de la presi\u00f3n y coberturas<\/a> (video)<\/p>\n\n\n\n<figure class=\"wp-block-embed is-type-video is-provider-youtube wp-block-embed-youtube wp-embed-aspect-16-9 wp-has-aspect-ratio\"><div class=\"wp-block-embed__wrapper\">\n<iframe loading=\"lazy\" title=\"276 Movimientos de la l\u00ednea defensiva  Trabajo de la presi\u00f3n y coberturas\" width=\"640\" height=\"360\" src=\"https:\/\/www.youtube.com\/embed\/k2uAk7Nsp20?feature=oembed\" frameborder=\"0\" allow=\"accelerometer; autoplay; clipboard-write; encrypted-media; gyroscope; picture-in-picture; web-share\" referrerpolicy=\"strict-origin-when-cross-origin\" allowfullscreen><\/iframe>\n<\/div><\/figure>\n\n\n\n<p><a href=\"https:\/\/metodologiarof.es\/wp-content\/uploads\/2024\/08\/277_PRESION-INTENSA.jpg\">277_PRESION INTENSA<\/a><\/p>\n\n\n<div class=\"wp-block-image\">\n<figure class=\"aligncenter size-large\"><img decoding=\"async\" src=\"https:\/\/metodologiarof.es\/wp-content\/uploads\/2024\/08\/277_PRESION-INTENSA.jpg\" alt=\"\"\/><\/figure>\n<\/div>\n\n\n<p><a href=\"https:\/\/metodologiarof.es\/wp-content\/uploads\/2024\/08\/278_PRESION-ZONAS-PRIMORDIALES.jpg\">278_PRESION ZONAS PRIMORDIALES<\/a><\/p>\n\n\n<div class=\"wp-block-image\">\n<figure class=\"aligncenter size-large\"><img decoding=\"async\" src=\"https:\/\/metodologiarof.es\/wp-content\/uploads\/2024\/08\/278_PRESION-ZONAS-PRIMORDIALES.jpg\" alt=\"\"\/><\/figure>\n<\/div>\n\n\n<p><a href=\"https:\/\/metodologiarof.es\/wp-content\/uploads\/2024\/08\/282_SIMULACION-FUERA-DE-JUEGO.pdf\">282_SIMULACION FUERA DE JUEGO<\/a><\/p>\n\n\n<a href=\"https:\/\/metodologiarof.es\/wp-content\/uploads\/2024\/08\/282_SIMULACION-FUERA-DE-JUEGO.pdf\" class=\"pdfemb-viewer\" style=\"\" data-width=\"max\" data-height=\"max\" data-toolbar=\"bottom\" data-toolbar-fixed=\"off\">282_SIMULACION-FUERA-DE-JUEGO<\/a>","protected":false},"excerpt":{"rendered":"<p>275_PRESI\u00d3N BIELSA (video) 275_PRESION 276 Movimientos de la l\u00ednea defensiva Trabajo de la presi\u00f3n y coberturas (video) 277_PRESION INTENSA 278_PRESION ZONAS PRIMORDIALES 282_SIMULACION FUERA DE JUEGO<\/p>\n","protected":false},"author":1,"featured_media":0,"parent":0,"menu_order":0,"comment_status":"closed","ping_status":"closed","template":"","meta":{"footnotes":""},"class_list":["post-1098","page","type-page","status-publish","hentry"],"yoast_head":"<!-- This site is optimized with the Yoast SEO plugin v23.2 - https:\/\/yoast.com\/wordpress\/plugins\/seo\/ -->\n<title>PRESI\u00d3N - Sociedad Deportiva LENENSE<\/title>\n<meta name=\"robots\" content=\"index, follow, max-snippet:-1, max-image-preview:large, max-video-preview:-1\" \/>\n<link rel=\"canonical\" href=\"https:\/\/metodologiarof.es\/index.php\/presion\/\" \/>\n<meta property=\"og:locale\" content=\"es_ES\" \/>\n<meta property=\"og:type\" content=\"article\" \/>\n<meta property=\"og:title\" content=\"PRESI\u00d3N - Sociedad Deportiva LENENSE\" \/>\n<meta property=\"og:description\" content=\"275_PRESI\u00d3N BIELSA (video) 275_PRESION 276 Movimientos de la l\u00ednea defensiva Trabajo de la presi\u00f3n y coberturas (video) 277_PRESION INTENSA 278_PRESION ZONAS PRIMORDIALES 282_SIMULACION FUERA DE JUEGO\" \/>\n<meta property=\"og:url\" content=\"https:\/\/metodologiarof.es\/index.php\/presion\/\" \/>\n<meta property=\"og:site_name\" content=\"Sociedad Deportiva LENENSE\" \/>\n<meta property=\"article:modified_time\" content=\"2024-08-11T20:49:53+00:00\" \/>\n<meta property=\"og:image\" content=\"https:\/\/metodologiarof.es\/wp-content\/uploads\/2024\/08\/277_PRESION-INTENSA.jpg\" \/>\n<meta name=\"twitter:card\" content=\"summary_large_image\" \/>\n<meta name=\"twitter:label1\" content=\"Tiempo de lectura\" \/>\n\t<meta name=\"twitter:data1\" content=\"1 minuto\" \/>\n<script type=\"application\/ld+json\" class=\"yoast-schema-graph\">{\"@context\":\"https:\/\/schema.org\",\"@graph\":[{\"@type\":\"WebPage\",\"@id\":\"https:\/\/metodologiarof.es\/index.php\/presion\/\",\"url\":\"https:\/\/metodologiarof.es\/index.php\/presion\/\",\"name\":\"PRESI\u00d3N - Sociedad Deportiva LENENSE\",\"isPartOf\":{\"@id\":\"https:\/\/metodologiarof.es\/#website\"},\"primaryImageOfPage\":{\"@id\":\"https:\/\/metodologiarof.es\/index.php\/presion\/#primaryimage\"},\"image\":{\"@id\":\"https:\/\/metodologiarof.es\/index.php\/presion\/#primaryimage\"},\"thumbnailUrl\":\"https:\/\/metodologiarof.es\/wp-content\/uploads\/2024\/08\/277_PRESION-INTENSA.jpg\",\"datePublished\":\"2024-08-10T18:48:28+00:00\",\"dateModified\":\"2024-08-11T20:49:53+00:00\",\"breadcrumb\":{\"@id\":\"https:\/\/metodologiarof.es\/index.php\/presion\/#breadcrumb\"},\"inLanguage\":\"es\",\"potentialAction\":[{\"@type\":\"ReadAction\",\"target\":[\"https:\/\/metodologiarof.es\/index.php\/presion\/\"]}]},{\"@type\":\"ImageObject\",\"inLanguage\":\"es\",\"@id\":\"https:\/\/metodologiarof.es\/index.php\/presion\/#primaryimage\",\"url\":\"https:\/\/metodologiarof.es\/wp-content\/uploads\/2024\/08\/277_PRESION-INTENSA.jpg\",\"contentUrl\":\"https:\/\/metodologiarof.es\/wp-content\/uploads\/2024\/08\/277_PRESION-INTENSA.jpg\"},{\"@type\":\"BreadcrumbList\",\"@id\":\"https:\/\/metodologiarof.es\/index.php\/presion\/#breadcrumb\",\"itemListElement\":[{\"@type\":\"ListItem\",\"position\":1,\"name\":\"Portada\",\"item\":\"https:\/\/metodologiarof.es\/\"},{\"@type\":\"ListItem\",\"position\":2,\"name\":\"PRESI\u00d3N\"}]},{\"@type\":\"WebSite\",\"@id\":\"https:\/\/metodologiarof.es\/#website\",\"url\":\"https:\/\/metodologiarof.es\/\",\"name\":\"Sociedad Deportiva LENENSE\",\"description\":\"\",\"publisher\":{\"@id\":\"https:\/\/metodologiarof.es\/#organization\"},\"potentialAction\":[{\"@type\":\"SearchAction\",\"target\":{\"@type\":\"EntryPoint\",\"urlTemplate\":\"https:\/\/metodologiarof.es\/?s={search_term_string}\"},\"query-input\":\"required name=search_term_string\"}],\"inLanguage\":\"es\"},{\"@type\":\"Organization\",\"@id\":\"https:\/\/metodologiarof.es\/#organization\",\"name\":\"Sociedad Deportiva LENENSE\",\"url\":\"https:\/\/metodologiarof.es\/\",\"logo\":{\"@type\":\"ImageObject\",\"inLanguage\":\"es\",\"@id\":\"https:\/\/metodologiarof.es\/#\/schema\/logo\/image\/\",\"url\":\"https:\/\/metodologiarof.es\/wp-content\/uploads\/2024\/08\/cropped-FUTBOL-BASE.jpeg\",\"contentUrl\":\"https:\/\/metodologiarof.es\/wp-content\/uploads\/2024\/08\/cropped-FUTBOL-BASE.jpeg\",\"width\":240,\"height\":45,\"caption\":\"Sociedad Deportiva LENENSE\"},\"image\":{\"@id\":\"https:\/\/metodologiarof.es\/#\/schema\/logo\/image\/\"}}]}<\/script>\n<!-- \/ Yoast SEO plugin. -->","yoast_head_json":{"title":"PRESI\u00d3N - Sociedad Deportiva LENENSE","robots":{"index":"index","follow":"follow","max-snippet":"max-snippet:-1","max-image-preview":"max-image-preview:large","max-video-preview":"max-video-preview:-1"},"canonical":"https:\/\/metodologiarof.es\/index.php\/presion\/","og_locale":"es_ES","og_type":"article","og_title":"PRESI\u00d3N - Sociedad Deportiva LENENSE","og_description":"275_PRESI\u00d3N BIELSA (video) 275_PRESION 276 Movimientos de la l\u00ednea defensiva Trabajo de la presi\u00f3n y coberturas (video) 277_PRESION INTENSA 278_PRESION ZONAS PRIMORDIALES 282_SIMULACION FUERA DE JUEGO","og_url":"https:\/\/metodologiarof.es\/index.php\/presion\/","og_site_name":"Sociedad Deportiva LENENSE","article_modified_time":"2024-08-11T20:49:53+00:00","og_image":[{"url":"https:\/\/metodologiarof.es\/wp-content\/uploads\/2024\/08\/277_PRESION-INTENSA.jpg"}],"twitter_card":"summary_large_image","twitter_misc":{"Tiempo de lectura":"1 minuto"},"schema":{"@context":"https:\/\/schema.org","@graph":[{"@type":"WebPage","@id":"https:\/\/metodologiarof.es\/index.php\/presion\/","url":"https:\/\/metodologiarof.es\/index.php\/presion\/","name":"PRESI\u00d3N - Sociedad Deportiva LENENSE","isPartOf":{"@id":"https:\/\/metodologiarof.es\/#website"},"primaryImageOfPage":{"@id":"https:\/\/metodologiarof.es\/index.php\/presion\/#primaryimage"},"image":{"@id":"https:\/\/metodologiarof.es\/index.php\/presion\/#primaryimage"},"thumbnailUrl":"https:\/\/metodologiarof.es\/wp-content\/uploads\/2024\/08\/277_PRESION-INTENSA.jpg","datePublished":"2024-08-10T18:48:28+00:00","dateModified":"2024-08-11T20:49:53+00:00","breadcrumb":{"@id":"https:\/\/metodologiarof.es\/index.php\/presion\/#breadcrumb"},"inLanguage":"es","potentialAction":[{"@type":"ReadAction","target":["https:\/\/metodologiarof.es\/index.php\/presion\/"]}]},{"@type":"ImageObject","inLanguage":"es","@id":"https:\/\/metodologiarof.es\/index.php\/presion\/#primaryimage","url":"https:\/\/metodologiarof.es\/wp-content\/uploads\/2024\/08\/277_PRESION-INTENSA.jpg","contentUrl":"https:\/\/metodologiarof.es\/wp-content\/uploads\/2024\/08\/277_PRESION-INTENSA.jpg"},{"@type":"BreadcrumbList","@id":"https:\/\/metodologiarof.es\/index.php\/presion\/#breadcrumb","itemListElement":[{"@type":"ListItem","position":1,"name":"Portada","item":"https:\/\/metodologiarof.es\/"},{"@type":"ListItem","position":2,"name":"PRESI\u00d3N"}]},{"@type":"WebSite","@id":"https:\/\/metodologiarof.es\/#website","url":"https:\/\/metodologiarof.es\/","name":"Sociedad Deportiva LENENSE","description":"","publisher":{"@id":"https:\/\/metodologiarof.es\/#organization"},"potentialAction":[{"@type":"SearchAction","target":{"@type":"EntryPoint","urlTemplate":"https:\/\/metodologiarof.es\/?s={search_term_string}"},"query-input":"required name=search_term_string"}],"inLanguage":"es"},{"@type":"Organization","@id":"https:\/\/metodologiarof.es\/#organization","name":"Sociedad Deportiva LENENSE","url":"https:\/\/metodologiarof.es\/","logo":{"@type":"ImageObject","inLanguage":"es","@id":"https:\/\/metodologiarof.es\/#\/schema\/logo\/image\/","url":"https:\/\/metodologiarof.es\/wp-content\/uploads\/2024\/08\/cropped-FUTBOL-BASE.jpeg","contentUrl":"https:\/\/metodologiarof.es\/wp-content\/uploads\/2024\/08\/cropped-FUTBOL-BASE.jpeg","width":240,"height":45,"caption":"Sociedad Deportiva LENENSE"},"image":{"@id":"https:\/\/metodologiarof.es\/#\/schema\/logo\/image\/"}}]}},"_links":{"self":[{"href":"https:\/\/metodologiarof.es\/index.php\/wp-json\/wp\/v2\/pages\/1098","targetHints":{"allow":["GET"]}}],"collection":[{"href":"https:\/\/metodologiarof.es\/index.php\/wp-json\/wp\/v2\/pages"}],"about":[{"href":"https:\/\/metodologiarof.es\/index.php\/wp-json\/wp\/v2\/types\/page"}],"author":[{"embeddable":true,"href":"https:\/\/metodologiarof.es\/index.php\/wp-json\/wp\/v2\/users\/1"}],"replies":[{"embeddable":true,"href":"https:\/\/metodologiarof.es\/index.php\/wp-json\/wp\/v2\/comments?post=1098"}],"version-history":[{"count":3,"href":"https:\/\/metodologiarof.es\/index.php\/wp-json\/wp\/v2\/pages\/1098\/revisions"}],"predecessor-version":[{"id":1332,"href":"https:\/\/metodologiarof.es\/index.php\/wp-json\/wp\/v2\/pages\/1098\/revisions\/1332"}],"wp:attachment":[{"href":"https:\/\/metodologiarof.es\/index.php\/wp-json\/wp\/v2\/media?parent=1098"}],"curies":[{"name":"wp","href":"https:\/\/api.w.org\/{rel}","templated":true}]}}