{"id":28,"date":"2024-08-06T12:47:39","date_gmt":"2024-08-06T12:47:39","guid":{"rendered":"https:\/\/metodologiarof.es\/?page_id=28"},"modified":"2024-08-31T11:04:57","modified_gmt":"2024-08-31T11:04:57","slug":"metodologia-2","status":"publish","type":"page","link":"https:\/\/metodologiarof.es\/index.php\/metodologia-2\/","title":{"rendered":"CIRCULO DE ORO"},"content":{"rendered":"\n<p class=\"has-vivid-green-cyan-color has-text-color has-link-color wp-elements-aa5b5258fa22ad975f7b78d6dc40906f\"><strong>\u00bfPor qu\u00e9? <\/strong><\/p>\n\n\n\n<p class=\"has-light-green-cyan-color has-text-color has-link-color wp-elements-08386d38376590f2f1e6d6a0dcec40e9\">El coraz\u00f3n del f\u00fatbol. En el centro del C\u00edrculo de Oro se encuentra la pregunta fundamental: \u00bfPor qu\u00e9? En el contexto del f\u00fatbol, esta pregunta nos lleva al coraz\u00f3n mismo de la pasi\u00f3n que impulsa a jugadores y aficionados por igual. \u00bfPor qu\u00e9 juegan los equipos? \u00bfPor qu\u00e9 los aficionados se entregan a esta causa con tanto fervor?<\/p>\n\n\n<div class=\"wp-block-image\">\n<figure class=\"aligncenter size-full is-resized\"><img loading=\"lazy\" decoding=\"async\" width=\"83\" height=\"88\" src=\"https:\/\/metodologiarof.es\/wp-content\/uploads\/2024\/08\/image.png\" alt=\"\" class=\"wp-image-112\" style=\"width:217px;height:auto\"\/><\/figure>\n<\/div>\n\n\n<p><\/p>\n\n\n\n<p class=\"has-light-green-cyan-color has-text-color has-link-color wp-elements-1c774ab0f517f8be7be094eb6930b8ee\">El \u00abpor qu\u00e9\u00bb del f\u00fatbol va m\u00e1s all\u00e1 de la mera competici\u00f3n. Se trata de la b\u00fasqueda de la excelencia, la camarader\u00eda, la identidad y el orgullo. Los equipos y sus seguidores se unen en torno a valores compartidos, ya sea el amor por el juego, el deseo de representar a su comunidad o la aspiraci\u00f3n a la grandeza. Este prop\u00f3sito compartido es lo que impulsa a los equipos a superar obst\u00e1culos, a los jugadores a dar lo mejor de s\u00ed mismos y a los aficionados a animar incansablemente desde las gradas.<\/p>\n\n\n\n<p class=\"has-vivid-green-cyan-color has-text-color has-link-color wp-elements-c92a1f4b95f0bcce65b44e65f356da12\"><strong>\u00bfC\u00f3mo? Estrategias y Estilos de Juego.<\/strong><\/p>\n\n\n\n<p class=\"has-light-green-cyan-color has-text-color has-link-color wp-elements-50a8c2620966304b0f4a1530144a9145\">El siguiente nivel del C\u00edrculo de Oro nos lleva a la pregunta del \u00abc\u00f3mo\u00bb. En el f\u00fatbol, esta pregunta se refiere a las estrategias, t\u00e1cticas y estilos de juego que los equipos emplean para alcanzar su prop\u00f3sito. Cada equipo tiene su propia identidad, su forma \u00fanica de abordar el juego.<\/p>\n\n\n\n<p class=\"has-light-green-cyan-color has-text-color has-link-color wp-elements-edd298591982082ab18077a2c2eddba2\">El f\u00fatbol es mucho m\u00e1s que un deporte. Para millones de personas en todo el mundo, representa una pasi\u00f3n compartida que trasciende fronteras, culturas y diferencias. En este contexto, el concepto del C\u00edrculo de Oro de Simon Sinek adquiere una relevancia a\u00fan mayor, ya que nos permite comprender c\u00f3mo los equipos, jugadores y aficionados se conectan a trav\u00e9s de un prop\u00f3sito com\u00fan m\u00e1s all\u00e1 de la victoria en el campo.<\/p>\n","protected":false},"excerpt":{"rendered":"<p>\u00bfPor qu\u00e9? El coraz\u00f3n del f\u00fatbol. En el centro del C\u00edrculo de Oro se encuentra la pregunta fundamental: \u00bfPor qu\u00e9? En el contexto del f\u00fatbol, esta pregunta nos lleva al coraz\u00f3n mismo de la pasi\u00f3n que impulsa a jugadores y aficionados por igual. \u00bfPor qu\u00e9 juegan los equipos? \u00bfPor qu\u00e9 los aficionados se entregan a [&hellip;]<\/p>\n","protected":false},"author":1,"featured_media":0,"parent":0,"menu_order":0,"comment_status":"closed","ping_status":"closed","template":"","meta":{"footnotes":""},"class_list":["post-28","page","type-page","status-publish","hentry"],"yoast_head":"<!-- This site is optimized with the Yoast SEO plugin v23.2 - https:\/\/yoast.com\/wordpress\/plugins\/seo\/ -->\n<title>CIRCULO DE ORO - Sociedad Deportiva LENENSE<\/title>\n<meta name=\"robots\" content=\"index, follow, max-snippet:-1, max-image-preview:large, max-video-preview:-1\" \/>\n<link rel=\"canonical\" href=\"https:\/\/metodologiarof.es\/index.php\/metodologia-2\/\" \/>\n<meta property=\"og:locale\" content=\"es_ES\" \/>\n<meta property=\"og:type\" content=\"article\" \/>\n<meta property=\"og:title\" content=\"CIRCULO DE ORO - Sociedad Deportiva LENENSE\" \/>\n<meta property=\"og:description\" content=\"\u00bfPor qu\u00e9? El coraz\u00f3n del f\u00fatbol. En el centro del C\u00edrculo de Oro se encuentra la pregunta fundamental: \u00bfPor qu\u00e9? En el contexto del f\u00fatbol, esta pregunta nos lleva al coraz\u00f3n mismo de la pasi\u00f3n que impulsa a jugadores y aficionados por igual. \u00bfPor qu\u00e9 juegan los equipos? \u00bfPor qu\u00e9 los aficionados se entregan a [&hellip;]\" \/>\n<meta property=\"og:url\" content=\"https:\/\/metodologiarof.es\/index.php\/metodologia-2\/\" \/>\n<meta property=\"og:site_name\" content=\"Sociedad Deportiva LENENSE\" \/>\n<meta property=\"article:modified_time\" content=\"2024-08-31T11:04:57+00:00\" \/>\n<meta property=\"og:image\" content=\"https:\/\/metodologiarof.es\/wp-content\/uploads\/2024\/08\/image.png\" \/>\n<meta name=\"twitter:card\" content=\"summary_large_image\" \/>\n<meta name=\"twitter:label1\" content=\"Tiempo de lectura\" \/>\n\t<meta name=\"twitter:data1\" content=\"2 minutos\" \/>\n<script type=\"application\/ld+json\" class=\"yoast-schema-graph\">{\"@context\":\"https:\/\/schema.org\",\"@graph\":[{\"@type\":\"WebPage\",\"@id\":\"https:\/\/metodologiarof.es\/index.php\/metodologia-2\/\",\"url\":\"https:\/\/metodologiarof.es\/index.php\/metodologia-2\/\",\"name\":\"CIRCULO DE ORO - Sociedad Deportiva LENENSE\",\"isPartOf\":{\"@id\":\"https:\/\/metodologiarof.es\/#website\"},\"primaryImageOfPage\":{\"@id\":\"https:\/\/metodologiarof.es\/index.php\/metodologia-2\/#primaryimage\"},\"image\":{\"@id\":\"https:\/\/metodologiarof.es\/index.php\/metodologia-2\/#primaryimage\"},\"thumbnailUrl\":\"https:\/\/metodologiarof.es\/wp-content\/uploads\/2024\/08\/image.png\",\"datePublished\":\"2024-08-06T12:47:39+00:00\",\"dateModified\":\"2024-08-31T11:04:57+00:00\",\"breadcrumb\":{\"@id\":\"https:\/\/metodologiarof.es\/index.php\/metodologia-2\/#breadcrumb\"},\"inLanguage\":\"es\",\"potentialAction\":[{\"@type\":\"ReadAction\",\"target\":[\"https:\/\/metodologiarof.es\/index.php\/metodologia-2\/\"]}]},{\"@type\":\"ImageObject\",\"inLanguage\":\"es\",\"@id\":\"https:\/\/metodologiarof.es\/index.php\/metodologia-2\/#primaryimage\",\"url\":\"https:\/\/metodologiarof.es\/wp-content\/uploads\/2024\/08\/image.png\",\"contentUrl\":\"https:\/\/metodologiarof.es\/wp-content\/uploads\/2024\/08\/image.png\",\"width\":83,\"height\":88},{\"@type\":\"BreadcrumbList\",\"@id\":\"https:\/\/metodologiarof.es\/index.php\/metodologia-2\/#breadcrumb\",\"itemListElement\":[{\"@type\":\"ListItem\",\"position\":1,\"name\":\"Portada\",\"item\":\"https:\/\/metodologiarof.es\/\"},{\"@type\":\"ListItem\",\"position\":2,\"name\":\"CIRCULO DE ORO\"}]},{\"@type\":\"WebSite\",\"@id\":\"https:\/\/metodologiarof.es\/#website\",\"url\":\"https:\/\/metodologiarof.es\/\",\"name\":\"Sociedad Deportiva LENENSE\",\"description\":\"\",\"publisher\":{\"@id\":\"https:\/\/metodologiarof.es\/#organization\"},\"potentialAction\":[{\"@type\":\"SearchAction\",\"target\":{\"@type\":\"EntryPoint\",\"urlTemplate\":\"https:\/\/metodologiarof.es\/?s={search_term_string}\"},\"query-input\":\"required name=search_term_string\"}],\"inLanguage\":\"es\"},{\"@type\":\"Organization\",\"@id\":\"https:\/\/metodologiarof.es\/#organization\",\"name\":\"Sociedad Deportiva LENENSE\",\"url\":\"https:\/\/metodologiarof.es\/\",\"logo\":{\"@type\":\"ImageObject\",\"inLanguage\":\"es\",\"@id\":\"https:\/\/metodologiarof.es\/#\/schema\/logo\/image\/\",\"url\":\"https:\/\/metodologiarof.es\/wp-content\/uploads\/2024\/08\/cropped-FUTBOL-BASE.jpeg\",\"contentUrl\":\"https:\/\/metodologiarof.es\/wp-content\/uploads\/2024\/08\/cropped-FUTBOL-BASE.jpeg\",\"width\":240,\"height\":45,\"caption\":\"Sociedad Deportiva LENENSE\"},\"image\":{\"@id\":\"https:\/\/metodologiarof.es\/#\/schema\/logo\/image\/\"}}]}<\/script>\n<!-- \/ Yoast SEO plugin. -->","yoast_head_json":{"title":"CIRCULO DE ORO - Sociedad Deportiva LENENSE","robots":{"index":"index","follow":"follow","max-snippet":"max-snippet:-1","max-image-preview":"max-image-preview:large","max-video-preview":"max-video-preview:-1"},"canonical":"https:\/\/metodologiarof.es\/index.php\/metodologia-2\/","og_locale":"es_ES","og_type":"article","og_title":"CIRCULO DE ORO - Sociedad Deportiva LENENSE","og_description":"\u00bfPor qu\u00e9? El coraz\u00f3n del f\u00fatbol. En el centro del C\u00edrculo de Oro se encuentra la pregunta fundamental: \u00bfPor qu\u00e9? En el contexto del f\u00fatbol, esta pregunta nos lleva al coraz\u00f3n mismo de la pasi\u00f3n que impulsa a jugadores y aficionados por igual. \u00bfPor qu\u00e9 juegan los equipos? \u00bfPor qu\u00e9 los aficionados se entregan a [&hellip;]","og_url":"https:\/\/metodologiarof.es\/index.php\/metodologia-2\/","og_site_name":"Sociedad Deportiva LENENSE","article_modified_time":"2024-08-31T11:04:57+00:00","og_image":[{"url":"https:\/\/metodologiarof.es\/wp-content\/uploads\/2024\/08\/image.png"}],"twitter_card":"summary_large_image","twitter_misc":{"Tiempo de lectura":"2 minutos"},"schema":{"@context":"https:\/\/schema.org","@graph":[{"@type":"WebPage","@id":"https:\/\/metodologiarof.es\/index.php\/metodologia-2\/","url":"https:\/\/metodologiarof.es\/index.php\/metodologia-2\/","name":"CIRCULO DE ORO - Sociedad Deportiva LENENSE","isPartOf":{"@id":"https:\/\/metodologiarof.es\/#website"},"primaryImageOfPage":{"@id":"https:\/\/metodologiarof.es\/index.php\/metodologia-2\/#primaryimage"},"image":{"@id":"https:\/\/metodologiarof.es\/index.php\/metodologia-2\/#primaryimage"},"thumbnailUrl":"https:\/\/metodologiarof.es\/wp-content\/uploads\/2024\/08\/image.png","datePublished":"2024-08-06T12:47:39+00:00","dateModified":"2024-08-31T11:04:57+00:00","breadcrumb":{"@id":"https:\/\/metodologiarof.es\/index.php\/metodologia-2\/#breadcrumb"},"inLanguage":"es","potentialAction":[{"@type":"ReadAction","target":["https:\/\/metodologiarof.es\/index.php\/metodologia-2\/"]}]},{"@type":"ImageObject","inLanguage":"es","@id":"https:\/\/metodologiarof.es\/index.php\/metodologia-2\/#primaryimage","url":"https:\/\/metodologiarof.es\/wp-content\/uploads\/2024\/08\/image.png","contentUrl":"https:\/\/metodologiarof.es\/wp-content\/uploads\/2024\/08\/image.png","width":83,"height":88},{"@type":"BreadcrumbList","@id":"https:\/\/metodologiarof.es\/index.php\/metodologia-2\/#breadcrumb","itemListElement":[{"@type":"ListItem","position":1,"name":"Portada","item":"https:\/\/metodologiarof.es\/"},{"@type":"ListItem","position":2,"name":"CIRCULO DE ORO"}]},{"@type":"WebSite","@id":"https:\/\/metodologiarof.es\/#website","url":"https:\/\/metodologiarof.es\/","name":"Sociedad Deportiva LENENSE","description":"","publisher":{"@id":"https:\/\/metodologiarof.es\/#organization"},"potentialAction":[{"@type":"SearchAction","target":{"@type":"EntryPoint","urlTemplate":"https:\/\/metodologiarof.es\/?s={search_term_string}"},"query-input":"required name=search_term_string"}],"inLanguage":"es"},{"@type":"Organization","@id":"https:\/\/metodologiarof.es\/#organization","name":"Sociedad Deportiva LENENSE","url":"https:\/\/metodologiarof.es\/","logo":{"@type":"ImageObject","inLanguage":"es","@id":"https:\/\/metodologiarof.es\/#\/schema\/logo\/image\/","url":"https:\/\/metodologiarof.es\/wp-content\/uploads\/2024\/08\/cropped-FUTBOL-BASE.jpeg","contentUrl":"https:\/\/metodologiarof.es\/wp-content\/uploads\/2024\/08\/cropped-FUTBOL-BASE.jpeg","width":240,"height":45,"caption":"Sociedad Deportiva LENENSE"},"image":{"@id":"https:\/\/metodologiarof.es\/#\/schema\/logo\/image\/"}}]}},"_links":{"self":[{"href":"https:\/\/metodologiarof.es\/index.php\/wp-json\/wp\/v2\/pages\/28","targetHints":{"allow":["GET"]}}],"collection":[{"href":"https:\/\/metodologiarof.es\/index.php\/wp-json\/wp\/v2\/pages"}],"about":[{"href":"https:\/\/metodologiarof.es\/index.php\/wp-json\/wp\/v2\/types\/page"}],"author":[{"embeddable":true,"href":"https:\/\/metodologiarof.es\/index.php\/wp-json\/wp\/v2\/users\/1"}],"replies":[{"embeddable":true,"href":"https:\/\/metodologiarof.es\/index.php\/wp-json\/wp\/v2\/comments?post=28"}],"version-history":[{"count":5,"href":"https:\/\/metodologiarof.es\/index.php\/wp-json\/wp\/v2\/pages\/28\/revisions"}],"predecessor-version":[{"id":1398,"href":"https:\/\/metodologiarof.es\/index.php\/wp-json\/wp\/v2\/pages\/28\/revisions\/1398"}],"wp:attachment":[{"href":"https:\/\/metodologiarof.es\/index.php\/wp-json\/wp\/v2\/media?parent=28"}],"curies":[{"name":"wp","href":"https:\/\/api.w.org\/{rel}","templated":true}]}}