{"id":395,"date":"2024-08-07T12:32:39","date_gmt":"2024-08-07T12:32:39","guid":{"rendered":"https:\/\/metodologiarof.es\/?page_id=395"},"modified":"2024-08-11T15:57:28","modified_gmt":"2024-08-11T15:57:28","slug":"resistencia","status":"publish","type":"page","link":"https:\/\/metodologiarof.es\/index.php\/resistencia\/","title":{"rendered":"RESISTENCIA"},"content":{"rendered":"\n<p class=\"has-vivid-green-cyan-color has-text-color has-link-color has-x-large-font-size wp-elements-91a9843bd5e7841783c11626d88fba5a\">RESISTENCIA<\/p>\n\n\n\n<p><a href=\"https:\/\/metodologiarof.es\/wp-content\/uploads\/2024\/08\/12_RESISTENCIA-CON-BALON.pdf\">12_Resistencia con Bal\u00f3n<\/a><\/p>\n\n\n<a href=\"https:\/\/metodologiarof.es\/wp-content\/uploads\/2024\/08\/12_RESISTENCIA-CON-BALON.pdf\" class=\"pdfemb-viewer\" style=\"\" data-width=\"max\" data-height=\"max\" data-toolbar=\"bottom\" data-toolbar-fixed=\"off\">12_RESISTENCIA-CON-BALON<\/a>\n\n\n<p><a href=\"https:\/\/metodologiarof.es\/wp-content\/uploads\/2024\/08\/13_RESISTENCIA-CON-BALON.pdf\">13_Resistencia con Bal\u00f3n II<\/a><\/p>\n\n\n<a href=\"https:\/\/metodologiarof.es\/wp-content\/uploads\/2024\/08\/13_RESISTENCIA-CON-BALON.pdf\" class=\"pdfemb-viewer\" style=\"\" data-width=\"max\" data-height=\"max\" data-toolbar=\"bottom\" data-toolbar-fixed=\"off\">13_RESISTENCIA-CON-BALON<\/a>\n\n\n<p><a href=\"https:\/\/metodologiarof.es\/wp-content\/uploads\/2024\/08\/14_RESISTENCIA-EN-PROGRESION.jpg\">14_Resistencia en progresi\u00f3n<\/a><\/p>\n\n\n<div class=\"wp-block-image\">\n<figure class=\"aligncenter size-large\"><img decoding=\"async\" src=\"https:\/\/metodologiarof.es\/wp-content\/uploads\/2024\/08\/14_RESISTENCIA-EN-PROGRESION.jpg\" alt=\"\"\/><\/figure>\n<\/div>\n\n\n<p><a href=\"https:\/\/metodologiarof.es\/wp-content\/uploads\/2024\/08\/15_RESITENCIA-PERSECUCION-BALON.jpg\">15_Resistencia persecuci\u00f3n bal\u00f3n<\/a><\/p>\n\n\n<div class=\"wp-block-image\">\n<figure class=\"aligncenter size-large\"><img decoding=\"async\" src=\"https:\/\/metodologiarof.es\/wp-content\/uploads\/2024\/08\/15_RESITENCIA-PERSECUCION-BALON.jpg\" alt=\"\"\/><\/figure>\n<\/div>\n\n\n<p><a href=\"https:\/\/metodologiarof.es\/wp-content\/uploads\/2024\/08\/16_RESISTENCIA-EN-MOVILIDAD-CONSTANTE.jpg\">16_Resistencia en movimiento constante<\/a><\/p>\n\n\n<div class=\"wp-block-image\">\n<figure class=\"aligncenter size-large\"><img decoding=\"async\" src=\"https:\/\/metodologiarof.es\/wp-content\/uploads\/2024\/08\/16_RESISTENCIA-EN-MOVILIDAD-CONSTANTE.jpg\" alt=\"\"\/><\/figure>\n<\/div>\n\n\n<p class=\"has-vivid-green-cyan-color has-text-color has-link-color has-x-large-font-size wp-elements-b8184399bfd7720a072ba046fc7378ac\"><\/p>\n","protected":false},"excerpt":{"rendered":"<p>RESISTENCIA 12_Resistencia con Bal\u00f3n 13_Resistencia con Bal\u00f3n II 14_Resistencia en progresi\u00f3n 15_Resistencia persecuci\u00f3n bal\u00f3n 16_Resistencia en movimiento constante<\/p>\n","protected":false},"author":1,"featured_media":0,"parent":0,"menu_order":0,"comment_status":"closed","ping_status":"closed","template":"","meta":{"footnotes":""},"class_list":["post-395","page","type-page","status-publish","hentry"],"yoast_head":"<!-- This site is optimized with the Yoast SEO plugin v23.2 - https:\/\/yoast.com\/wordpress\/plugins\/seo\/ -->\n<title>RESISTENCIA - Sociedad Deportiva LENENSE<\/title>\n<meta name=\"robots\" content=\"index, follow, max-snippet:-1, max-image-preview:large, max-video-preview:-1\" \/>\n<link rel=\"canonical\" href=\"https:\/\/metodologiarof.es\/index.php\/resistencia\/\" \/>\n<meta property=\"og:locale\" content=\"es_ES\" \/>\n<meta property=\"og:type\" content=\"article\" \/>\n<meta property=\"og:title\" content=\"RESISTENCIA - Sociedad Deportiva LENENSE\" \/>\n<meta property=\"og:description\" content=\"RESISTENCIA 12_Resistencia con Bal\u00f3n 13_Resistencia con Bal\u00f3n II 14_Resistencia en progresi\u00f3n 15_Resistencia persecuci\u00f3n bal\u00f3n 16_Resistencia en movimiento constante\" \/>\n<meta property=\"og:url\" content=\"https:\/\/metodologiarof.es\/index.php\/resistencia\/\" \/>\n<meta property=\"og:site_name\" content=\"Sociedad Deportiva LENENSE\" \/>\n<meta property=\"article:modified_time\" content=\"2024-08-11T15:57:28+00:00\" \/>\n<meta property=\"og:image\" content=\"https:\/\/metodologiarof.es\/wp-content\/uploads\/2024\/08\/14_RESISTENCIA-EN-PROGRESION.jpg\" \/>\n<meta name=\"twitter:card\" content=\"summary_large_image\" \/>\n<meta name=\"twitter:label1\" content=\"Tiempo de lectura\" \/>\n\t<meta name=\"twitter:data1\" content=\"1 minuto\" \/>\n<script type=\"application\/ld+json\" class=\"yoast-schema-graph\">{\"@context\":\"https:\/\/schema.org\",\"@graph\":[{\"@type\":\"WebPage\",\"@id\":\"https:\/\/metodologiarof.es\/index.php\/resistencia\/\",\"url\":\"https:\/\/metodologiarof.es\/index.php\/resistencia\/\",\"name\":\"RESISTENCIA - Sociedad Deportiva LENENSE\",\"isPartOf\":{\"@id\":\"https:\/\/metodologiarof.es\/#website\"},\"primaryImageOfPage\":{\"@id\":\"https:\/\/metodologiarof.es\/index.php\/resistencia\/#primaryimage\"},\"image\":{\"@id\":\"https:\/\/metodologiarof.es\/index.php\/resistencia\/#primaryimage\"},\"thumbnailUrl\":\"https:\/\/metodologiarof.es\/wp-content\/uploads\/2024\/08\/14_RESISTENCIA-EN-PROGRESION.jpg\",\"datePublished\":\"2024-08-07T12:32:39+00:00\",\"dateModified\":\"2024-08-11T15:57:28+00:00\",\"breadcrumb\":{\"@id\":\"https:\/\/metodologiarof.es\/index.php\/resistencia\/#breadcrumb\"},\"inLanguage\":\"es\",\"potentialAction\":[{\"@type\":\"ReadAction\",\"target\":[\"https:\/\/metodologiarof.es\/index.php\/resistencia\/\"]}]},{\"@type\":\"ImageObject\",\"inLanguage\":\"es\",\"@id\":\"https:\/\/metodologiarof.es\/index.php\/resistencia\/#primaryimage\",\"url\":\"https:\/\/metodologiarof.es\/wp-content\/uploads\/2024\/08\/14_RESISTENCIA-EN-PROGRESION.jpg\",\"contentUrl\":\"https:\/\/metodologiarof.es\/wp-content\/uploads\/2024\/08\/14_RESISTENCIA-EN-PROGRESION.jpg\"},{\"@type\":\"BreadcrumbList\",\"@id\":\"https:\/\/metodologiarof.es\/index.php\/resistencia\/#breadcrumb\",\"itemListElement\":[{\"@type\":\"ListItem\",\"position\":1,\"name\":\"Portada\",\"item\":\"https:\/\/metodologiarof.es\/\"},{\"@type\":\"ListItem\",\"position\":2,\"name\":\"RESISTENCIA\"}]},{\"@type\":\"WebSite\",\"@id\":\"https:\/\/metodologiarof.es\/#website\",\"url\":\"https:\/\/metodologiarof.es\/\",\"name\":\"Sociedad Deportiva LENENSE\",\"description\":\"\",\"publisher\":{\"@id\":\"https:\/\/metodologiarof.es\/#organization\"},\"potentialAction\":[{\"@type\":\"SearchAction\",\"target\":{\"@type\":\"EntryPoint\",\"urlTemplate\":\"https:\/\/metodologiarof.es\/?s={search_term_string}\"},\"query-input\":\"required name=search_term_string\"}],\"inLanguage\":\"es\"},{\"@type\":\"Organization\",\"@id\":\"https:\/\/metodologiarof.es\/#organization\",\"name\":\"Sociedad Deportiva LENENSE\",\"url\":\"https:\/\/metodologiarof.es\/\",\"logo\":{\"@type\":\"ImageObject\",\"inLanguage\":\"es\",\"@id\":\"https:\/\/metodologiarof.es\/#\/schema\/logo\/image\/\",\"url\":\"https:\/\/metodologiarof.es\/wp-content\/uploads\/2024\/08\/cropped-FUTBOL-BASE.jpeg\",\"contentUrl\":\"https:\/\/metodologiarof.es\/wp-content\/uploads\/2024\/08\/cropped-FUTBOL-BASE.jpeg\",\"width\":240,\"height\":45,\"caption\":\"Sociedad Deportiva LENENSE\"},\"image\":{\"@id\":\"https:\/\/metodologiarof.es\/#\/schema\/logo\/image\/\"}}]}<\/script>\n<!-- \/ Yoast SEO plugin. -->","yoast_head_json":{"title":"RESISTENCIA - Sociedad Deportiva LENENSE","robots":{"index":"index","follow":"follow","max-snippet":"max-snippet:-1","max-image-preview":"max-image-preview:large","max-video-preview":"max-video-preview:-1"},"canonical":"https:\/\/metodologiarof.es\/index.php\/resistencia\/","og_locale":"es_ES","og_type":"article","og_title":"RESISTENCIA - Sociedad Deportiva LENENSE","og_description":"RESISTENCIA 12_Resistencia con Bal\u00f3n 13_Resistencia con Bal\u00f3n II 14_Resistencia en progresi\u00f3n 15_Resistencia persecuci\u00f3n bal\u00f3n 16_Resistencia en movimiento constante","og_url":"https:\/\/metodologiarof.es\/index.php\/resistencia\/","og_site_name":"Sociedad Deportiva LENENSE","article_modified_time":"2024-08-11T15:57:28+00:00","og_image":[{"url":"https:\/\/metodologiarof.es\/wp-content\/uploads\/2024\/08\/14_RESISTENCIA-EN-PROGRESION.jpg"}],"twitter_card":"summary_large_image","twitter_misc":{"Tiempo de lectura":"1 minuto"},"schema":{"@context":"https:\/\/schema.org","@graph":[{"@type":"WebPage","@id":"https:\/\/metodologiarof.es\/index.php\/resistencia\/","url":"https:\/\/metodologiarof.es\/index.php\/resistencia\/","name":"RESISTENCIA - Sociedad Deportiva LENENSE","isPartOf":{"@id":"https:\/\/metodologiarof.es\/#website"},"primaryImageOfPage":{"@id":"https:\/\/metodologiarof.es\/index.php\/resistencia\/#primaryimage"},"image":{"@id":"https:\/\/metodologiarof.es\/index.php\/resistencia\/#primaryimage"},"thumbnailUrl":"https:\/\/metodologiarof.es\/wp-content\/uploads\/2024\/08\/14_RESISTENCIA-EN-PROGRESION.jpg","datePublished":"2024-08-07T12:32:39+00:00","dateModified":"2024-08-11T15:57:28+00:00","breadcrumb":{"@id":"https:\/\/metodologiarof.es\/index.php\/resistencia\/#breadcrumb"},"inLanguage":"es","potentialAction":[{"@type":"ReadAction","target":["https:\/\/metodologiarof.es\/index.php\/resistencia\/"]}]},{"@type":"ImageObject","inLanguage":"es","@id":"https:\/\/metodologiarof.es\/index.php\/resistencia\/#primaryimage","url":"https:\/\/metodologiarof.es\/wp-content\/uploads\/2024\/08\/14_RESISTENCIA-EN-PROGRESION.jpg","contentUrl":"https:\/\/metodologiarof.es\/wp-content\/uploads\/2024\/08\/14_RESISTENCIA-EN-PROGRESION.jpg"},{"@type":"BreadcrumbList","@id":"https:\/\/metodologiarof.es\/index.php\/resistencia\/#breadcrumb","itemListElement":[{"@type":"ListItem","position":1,"name":"Portada","item":"https:\/\/metodologiarof.es\/"},{"@type":"ListItem","position":2,"name":"RESISTENCIA"}]},{"@type":"WebSite","@id":"https:\/\/metodologiarof.es\/#website","url":"https:\/\/metodologiarof.es\/","name":"Sociedad Deportiva LENENSE","description":"","publisher":{"@id":"https:\/\/metodologiarof.es\/#organization"},"potentialAction":[{"@type":"SearchAction","target":{"@type":"EntryPoint","urlTemplate":"https:\/\/metodologiarof.es\/?s={search_term_string}"},"query-input":"required name=search_term_string"}],"inLanguage":"es"},{"@type":"Organization","@id":"https:\/\/metodologiarof.es\/#organization","name":"Sociedad Deportiva LENENSE","url":"https:\/\/metodologiarof.es\/","logo":{"@type":"ImageObject","inLanguage":"es","@id":"https:\/\/metodologiarof.es\/#\/schema\/logo\/image\/","url":"https:\/\/metodologiarof.es\/wp-content\/uploads\/2024\/08\/cropped-FUTBOL-BASE.jpeg","contentUrl":"https:\/\/metodologiarof.es\/wp-content\/uploads\/2024\/08\/cropped-FUTBOL-BASE.jpeg","width":240,"height":45,"caption":"Sociedad Deportiva LENENSE"},"image":{"@id":"https:\/\/metodologiarof.es\/#\/schema\/logo\/image\/"}}]}},"_links":{"self":[{"href":"https:\/\/metodologiarof.es\/index.php\/wp-json\/wp\/v2\/pages\/395","targetHints":{"allow":["GET"]}}],"collection":[{"href":"https:\/\/metodologiarof.es\/index.php\/wp-json\/wp\/v2\/pages"}],"about":[{"href":"https:\/\/metodologiarof.es\/index.php\/wp-json\/wp\/v2\/types\/page"}],"author":[{"embeddable":true,"href":"https:\/\/metodologiarof.es\/index.php\/wp-json\/wp\/v2\/users\/1"}],"replies":[{"embeddable":true,"href":"https:\/\/metodologiarof.es\/index.php\/wp-json\/wp\/v2\/comments?post=395"}],"version-history":[{"count":5,"href":"https:\/\/metodologiarof.es\/index.php\/wp-json\/wp\/v2\/pages\/395\/revisions"}],"predecessor-version":[{"id":1215,"href":"https:\/\/metodologiarof.es\/index.php\/wp-json\/wp\/v2\/pages\/395\/revisions\/1215"}],"wp:attachment":[{"href":"https:\/\/metodologiarof.es\/index.php\/wp-json\/wp\/v2\/media?parent=395"}],"curies":[{"name":"wp","href":"https:\/\/api.w.org\/{rel}","templated":true}]}}