{"id":436,"date":"2024-08-07T12:33:19","date_gmt":"2024-08-07T12:33:19","guid":{"rendered":"https:\/\/metodologiarof.es\/?page_id=436"},"modified":"2024-08-11T19:26:04","modified_gmt":"2024-08-11T19:26:04","slug":"finalizacion","status":"publish","type":"page","link":"https:\/\/metodologiarof.es\/index.php\/finalizacion\/","title":{"rendered":"FINALIZACION"},"content":{"rendered":"\n<p><a href=\"https:\/\/metodologiarof.es\/wp-content\/uploads\/2024\/08\/327_FINALIZACION-RECTANGULO-1.pdf\">327_FINALIZACI\u00d3N RECTANGULO 1<\/a><\/p>\n\n\n<a href=\"https:\/\/metodologiarof.es\/wp-content\/uploads\/2024\/08\/327_FINALIZACION-RECTANGULO-1.pdf\" class=\"pdfemb-viewer\" style=\"\" data-width=\"max\" data-height=\"max\" data-toolbar=\"bottom\" data-toolbar-fixed=\"off\">327_FINALIZACION-RECTANGULO-1<\/a>\n\n\n<p><a href=\"https:\/\/metodologiarof.es\/wp-content\/uploads\/2024\/08\/328_FINALIZACION-RECTANGULO-2.pdf\">328_FINALIZACI\u00d3N RECTANGULO 2<\/a><\/p>\n\n\n<a href=\"https:\/\/metodologiarof.es\/wp-content\/uploads\/2024\/08\/328_FINALIZACION-RECTANGULO-2.pdf\" class=\"pdfemb-viewer\" style=\"\" data-width=\"max\" data-height=\"max\" data-toolbar=\"bottom\" data-toolbar-fixed=\"off\">328_FINALIZACION-RECTANGULO-2<\/a>\n\n\n<p><a href=\"https:\/\/metodologiarof.es\/wp-content\/uploads\/2024\/08\/329_FINALIZACION-RECTANGULO-3.pdf\">329_FINALIZACI\u00d3N RECTANGULO 3<\/a><\/p>\n\n\n<a href=\"https:\/\/metodologiarof.es\/wp-content\/uploads\/2024\/08\/329_FINALIZACION-RECTANGULO-3.pdf\" class=\"pdfemb-viewer\" style=\"\" data-width=\"max\" data-height=\"max\" data-toolbar=\"bottom\" data-toolbar-fixed=\"off\">329_FINALIZACION-RECTANGULO-3<\/a>\n\n\n<p><a href=\"https:\/\/metodologiarof.es\/wp-content\/uploads\/2024\/08\/330_FINALIZACION-RECTANGULO-4.pdf\">330_FINALIZACI\u00d3N RECTANGULO 4<\/a><\/p>\n\n\n<a href=\"https:\/\/metodologiarof.es\/wp-content\/uploads\/2024\/08\/330_FINALIZACION-RECTANGULO-4.pdf\" class=\"pdfemb-viewer\" style=\"\" data-width=\"max\" data-height=\"max\" data-toolbar=\"bottom\" data-toolbar-fixed=\"off\">330_FINALIZACION-RECTANGULO-4<\/a>\n\n\n<p><a href=\"https:\/\/metodologiarof.es\/wp-content\/uploads\/2024\/08\/331_FINALIZACION-RECTANGULO-5.pdf\">331_FINALIZACI\u00d3N RECTANGULO 5<\/a><\/p>\n\n\n<a href=\"https:\/\/metodologiarof.es\/wp-content\/uploads\/2024\/08\/331_FINALIZACION-RECTANGULO-5.pdf\" class=\"pdfemb-viewer\" style=\"\" data-width=\"max\" data-height=\"max\" data-toolbar=\"bottom\" data-toolbar-fixed=\"off\">331_FINALIZACION-RECTANGULO-5<\/a>\n\n\n<p><a href=\"https:\/\/youtu.be\/yQcfReZMQWs\">332_Ataque Organizado para Finalizar por Banda (centro lateral)<\/a> (video)<\/p>\n\n\n\n<figure class=\"wp-block-embed is-type-video is-provider-youtube wp-block-embed-youtube wp-embed-aspect-16-9 wp-has-aspect-ratio\"><div class=\"wp-block-embed__wrapper\">\n<iframe loading=\"lazy\" title=\"332 Ataque Organizado para Finalizar por Banda centro lateral\" width=\"640\" height=\"360\" src=\"https:\/\/www.youtube.com\/embed\/yQcfReZMQWs?feature=oembed\" frameborder=\"0\" allow=\"accelerometer; autoplay; clipboard-write; encrypted-media; gyroscope; picture-in-picture; web-share\" referrerpolicy=\"strict-origin-when-cross-origin\" allowfullscreen><\/iframe>\n<\/div><\/figure>\n\n\n\n<p><\/p>\n","protected":false},"excerpt":{"rendered":"<p>327_FINALIZACI\u00d3N RECTANGULO 1 328_FINALIZACI\u00d3N RECTANGULO 2 329_FINALIZACI\u00d3N RECTANGULO 3 330_FINALIZACI\u00d3N RECTANGULO 4 331_FINALIZACI\u00d3N RECTANGULO 5 332_Ataque Organizado para Finalizar por Banda (centro lateral) (video)<\/p>\n","protected":false},"author":1,"featured_media":0,"parent":0,"menu_order":0,"comment_status":"closed","ping_status":"closed","template":"","meta":{"footnotes":""},"class_list":["post-436","page","type-page","status-publish","hentry"],"yoast_head":"<!-- This site is optimized with the Yoast SEO plugin v23.2 - https:\/\/yoast.com\/wordpress\/plugins\/seo\/ -->\n<title>FINALIZACION - Sociedad Deportiva LENENSE<\/title>\n<meta name=\"robots\" content=\"index, follow, max-snippet:-1, max-image-preview:large, max-video-preview:-1\" \/>\n<link rel=\"canonical\" href=\"https:\/\/metodologiarof.es\/index.php\/finalizacion\/\" \/>\n<meta property=\"og:locale\" content=\"es_ES\" \/>\n<meta property=\"og:type\" content=\"article\" \/>\n<meta property=\"og:title\" content=\"FINALIZACION - Sociedad Deportiva LENENSE\" \/>\n<meta property=\"og:description\" content=\"327_FINALIZACI\u00d3N RECTANGULO 1 328_FINALIZACI\u00d3N RECTANGULO 2 329_FINALIZACI\u00d3N RECTANGULO 3 330_FINALIZACI\u00d3N RECTANGULO 4 331_FINALIZACI\u00d3N RECTANGULO 5 332_Ataque Organizado para Finalizar por Banda (centro lateral) (video)\" \/>\n<meta property=\"og:url\" content=\"https:\/\/metodologiarof.es\/index.php\/finalizacion\/\" \/>\n<meta property=\"og:site_name\" content=\"Sociedad Deportiva LENENSE\" \/>\n<meta property=\"article:modified_time\" content=\"2024-08-11T19:26:04+00:00\" \/>\n<meta name=\"twitter:card\" content=\"summary_large_image\" \/>\n<meta name=\"twitter:label1\" content=\"Tiempo de lectura\" \/>\n\t<meta name=\"twitter:data1\" content=\"1 minuto\" \/>\n<script type=\"application\/ld+json\" class=\"yoast-schema-graph\">{\"@context\":\"https:\/\/schema.org\",\"@graph\":[{\"@type\":\"WebPage\",\"@id\":\"https:\/\/metodologiarof.es\/index.php\/finalizacion\/\",\"url\":\"https:\/\/metodologiarof.es\/index.php\/finalizacion\/\",\"name\":\"FINALIZACION - Sociedad Deportiva LENENSE\",\"isPartOf\":{\"@id\":\"https:\/\/metodologiarof.es\/#website\"},\"datePublished\":\"2024-08-07T12:33:19+00:00\",\"dateModified\":\"2024-08-11T19:26:04+00:00\",\"breadcrumb\":{\"@id\":\"https:\/\/metodologiarof.es\/index.php\/finalizacion\/#breadcrumb\"},\"inLanguage\":\"es\",\"potentialAction\":[{\"@type\":\"ReadAction\",\"target\":[\"https:\/\/metodologiarof.es\/index.php\/finalizacion\/\"]}]},{\"@type\":\"BreadcrumbList\",\"@id\":\"https:\/\/metodologiarof.es\/index.php\/finalizacion\/#breadcrumb\",\"itemListElement\":[{\"@type\":\"ListItem\",\"position\":1,\"name\":\"Portada\",\"item\":\"https:\/\/metodologiarof.es\/\"},{\"@type\":\"ListItem\",\"position\":2,\"name\":\"FINALIZACION\"}]},{\"@type\":\"WebSite\",\"@id\":\"https:\/\/metodologiarof.es\/#website\",\"url\":\"https:\/\/metodologiarof.es\/\",\"name\":\"Sociedad Deportiva LENENSE\",\"description\":\"\",\"publisher\":{\"@id\":\"https:\/\/metodologiarof.es\/#organization\"},\"potentialAction\":[{\"@type\":\"SearchAction\",\"target\":{\"@type\":\"EntryPoint\",\"urlTemplate\":\"https:\/\/metodologiarof.es\/?s={search_term_string}\"},\"query-input\":\"required name=search_term_string\"}],\"inLanguage\":\"es\"},{\"@type\":\"Organization\",\"@id\":\"https:\/\/metodologiarof.es\/#organization\",\"name\":\"Sociedad Deportiva LENENSE\",\"url\":\"https:\/\/metodologiarof.es\/\",\"logo\":{\"@type\":\"ImageObject\",\"inLanguage\":\"es\",\"@id\":\"https:\/\/metodologiarof.es\/#\/schema\/logo\/image\/\",\"url\":\"https:\/\/metodologiarof.es\/wp-content\/uploads\/2024\/08\/cropped-FUTBOL-BASE.jpeg\",\"contentUrl\":\"https:\/\/metodologiarof.es\/wp-content\/uploads\/2024\/08\/cropped-FUTBOL-BASE.jpeg\",\"width\":240,\"height\":45,\"caption\":\"Sociedad Deportiva LENENSE\"},\"image\":{\"@id\":\"https:\/\/metodologiarof.es\/#\/schema\/logo\/image\/\"}}]}<\/script>\n<!-- \/ Yoast SEO plugin. -->","yoast_head_json":{"title":"FINALIZACION - Sociedad Deportiva LENENSE","robots":{"index":"index","follow":"follow","max-snippet":"max-snippet:-1","max-image-preview":"max-image-preview:large","max-video-preview":"max-video-preview:-1"},"canonical":"https:\/\/metodologiarof.es\/index.php\/finalizacion\/","og_locale":"es_ES","og_type":"article","og_title":"FINALIZACION - Sociedad Deportiva LENENSE","og_description":"327_FINALIZACI\u00d3N RECTANGULO 1 328_FINALIZACI\u00d3N RECTANGULO 2 329_FINALIZACI\u00d3N RECTANGULO 3 330_FINALIZACI\u00d3N RECTANGULO 4 331_FINALIZACI\u00d3N RECTANGULO 5 332_Ataque Organizado para Finalizar por Banda (centro lateral) (video)","og_url":"https:\/\/metodologiarof.es\/index.php\/finalizacion\/","og_site_name":"Sociedad Deportiva LENENSE","article_modified_time":"2024-08-11T19:26:04+00:00","twitter_card":"summary_large_image","twitter_misc":{"Tiempo de lectura":"1 minuto"},"schema":{"@context":"https:\/\/schema.org","@graph":[{"@type":"WebPage","@id":"https:\/\/metodologiarof.es\/index.php\/finalizacion\/","url":"https:\/\/metodologiarof.es\/index.php\/finalizacion\/","name":"FINALIZACION - Sociedad Deportiva LENENSE","isPartOf":{"@id":"https:\/\/metodologiarof.es\/#website"},"datePublished":"2024-08-07T12:33:19+00:00","dateModified":"2024-08-11T19:26:04+00:00","breadcrumb":{"@id":"https:\/\/metodologiarof.es\/index.php\/finalizacion\/#breadcrumb"},"inLanguage":"es","potentialAction":[{"@type":"ReadAction","target":["https:\/\/metodologiarof.es\/index.php\/finalizacion\/"]}]},{"@type":"BreadcrumbList","@id":"https:\/\/metodologiarof.es\/index.php\/finalizacion\/#breadcrumb","itemListElement":[{"@type":"ListItem","position":1,"name":"Portada","item":"https:\/\/metodologiarof.es\/"},{"@type":"ListItem","position":2,"name":"FINALIZACION"}]},{"@type":"WebSite","@id":"https:\/\/metodologiarof.es\/#website","url":"https:\/\/metodologiarof.es\/","name":"Sociedad Deportiva LENENSE","description":"","publisher":{"@id":"https:\/\/metodologiarof.es\/#organization"},"potentialAction":[{"@type":"SearchAction","target":{"@type":"EntryPoint","urlTemplate":"https:\/\/metodologiarof.es\/?s={search_term_string}"},"query-input":"required name=search_term_string"}],"inLanguage":"es"},{"@type":"Organization","@id":"https:\/\/metodologiarof.es\/#organization","name":"Sociedad Deportiva LENENSE","url":"https:\/\/metodologiarof.es\/","logo":{"@type":"ImageObject","inLanguage":"es","@id":"https:\/\/metodologiarof.es\/#\/schema\/logo\/image\/","url":"https:\/\/metodologiarof.es\/wp-content\/uploads\/2024\/08\/cropped-FUTBOL-BASE.jpeg","contentUrl":"https:\/\/metodologiarof.es\/wp-content\/uploads\/2024\/08\/cropped-FUTBOL-BASE.jpeg","width":240,"height":45,"caption":"Sociedad Deportiva LENENSE"},"image":{"@id":"https:\/\/metodologiarof.es\/#\/schema\/logo\/image\/"}}]}},"_links":{"self":[{"href":"https:\/\/metodologiarof.es\/index.php\/wp-json\/wp\/v2\/pages\/436","targetHints":{"allow":["GET"]}}],"collection":[{"href":"https:\/\/metodologiarof.es\/index.php\/wp-json\/wp\/v2\/pages"}],"about":[{"href":"https:\/\/metodologiarof.es\/index.php\/wp-json\/wp\/v2\/types\/page"}],"author":[{"embeddable":true,"href":"https:\/\/metodologiarof.es\/index.php\/wp-json\/wp\/v2\/users\/1"}],"replies":[{"embeddable":true,"href":"https:\/\/metodologiarof.es\/index.php\/wp-json\/wp\/v2\/comments?post=436"}],"version-history":[{"count":4,"href":"https:\/\/metodologiarof.es\/index.php\/wp-json\/wp\/v2\/pages\/436\/revisions"}],"predecessor-version":[{"id":1293,"href":"https:\/\/metodologiarof.es\/index.php\/wp-json\/wp\/v2\/pages\/436\/revisions\/1293"}],"wp:attachment":[{"href":"https:\/\/metodologiarof.es\/index.php\/wp-json\/wp\/v2\/media?parent=436"}],"curies":[{"name":"wp","href":"https:\/\/api.w.org\/{rel}","templated":true}]}}