{"id":445,"date":"2024-08-07T12:33:38","date_gmt":"2024-08-07T12:33:38","guid":{"rendered":"https:\/\/metodologiarof.es\/?page_id=445"},"modified":"2024-08-11T19:44:34","modified_gmt":"2024-08-11T19:44:34","slug":"contraataque","status":"publish","type":"page","link":"https:\/\/metodologiarof.es\/index.php\/contraataque\/","title":{"rendered":"CONTRAATAQUE"},"content":{"rendered":"\n<p><a href=\"https:\/\/youtu.be\/K2eFClX2F7U\">353_Velocidad. Transici\u00f3n &#8211; (velocidad de aceleraci\u00f3n) &#8211; 3 vs 3<\/a> (video)<\/p>\n\n\n\n<figure class=\"wp-block-embed is-type-video is-provider-youtube wp-block-embed-youtube wp-embed-aspect-16-9 wp-has-aspect-ratio\"><div class=\"wp-block-embed__wrapper\">\n<iframe loading=\"lazy\" title=\"353 Velocidad  Transici\u00f3n   velocidad de aceleraci\u00f3n   3 vs 3 720p\" width=\"640\" height=\"360\" src=\"https:\/\/www.youtube.com\/embed\/K2eFClX2F7U?feature=oembed\" frameborder=\"0\" allow=\"accelerometer; autoplay; clipboard-write; encrypted-media; gyroscope; picture-in-picture; web-share\" referrerpolicy=\"strict-origin-when-cross-origin\" allowfullscreen><\/iframe>\n<\/div><\/figure>\n\n\n\n<p><a href=\"https:\/\/youtu.be\/VcQCh1n1ZbY\">354_RUEDA DE pases en transici\u00f3n ofensiva CON TERCER HOMBRE<\/a> (video)<\/p>\n\n\n\n<figure class=\"wp-block-embed is-type-video is-provider-youtube wp-block-embed-youtube wp-embed-aspect-16-9 wp-has-aspect-ratio\"><div class=\"wp-block-embed__wrapper\">\n<iframe loading=\"lazy\" title=\"354 RUEDA DE pases en transici\u00f3n ofensiva CON TERCER HOMBRE\" width=\"640\" height=\"360\" src=\"https:\/\/www.youtube.com\/embed\/VcQCh1n1ZbY?feature=oembed\" frameborder=\"0\" allow=\"accelerometer; autoplay; clipboard-write; encrypted-media; gyroscope; picture-in-picture; web-share\" referrerpolicy=\"strict-origin-when-cross-origin\" allowfullscreen><\/iframe>\n<\/div><\/figure>\n\n\n\n<p><a href=\"https:\/\/youtu.be\/k8P6dEr3ND4\">355_Transici\u00f3n Defensa-Ataque<\/a> (video)<\/p>\n\n\n\n<figure class=\"wp-block-embed is-type-video is-provider-youtube wp-block-embed-youtube wp-embed-aspect-16-9 wp-has-aspect-ratio\"><div class=\"wp-block-embed__wrapper\">\n<iframe loading=\"lazy\" title=\"355 Transici\u00f3n Defensa Ataque\" width=\"640\" height=\"360\" src=\"https:\/\/www.youtube.com\/embed\/k8P6dEr3ND4?feature=oembed\" frameborder=\"0\" allow=\"accelerometer; autoplay; clipboard-write; encrypted-media; gyroscope; picture-in-picture; web-share\" referrerpolicy=\"strict-origin-when-cross-origin\" allowfullscreen><\/iframe>\n<\/div><\/figure>\n\n\n\n<p><a href=\"https:\/\/youtu.be\/qROhDpRDROc\">356_TRANSICIONES<\/a> (video)<\/p>\n\n\n\n<figure class=\"wp-block-embed is-type-video is-provider-youtube wp-block-embed-youtube wp-embed-aspect-16-9 wp-has-aspect-ratio\"><div class=\"wp-block-embed__wrapper\">\n<iframe loading=\"lazy\" title=\"356 TRANSICIONES\" width=\"640\" height=\"360\" src=\"https:\/\/www.youtube.com\/embed\/qROhDpRDROc?feature=oembed\" frameborder=\"0\" allow=\"accelerometer; autoplay; clipboard-write; encrypted-media; gyroscope; picture-in-picture; web-share\" referrerpolicy=\"strict-origin-when-cross-origin\" allowfullscreen><\/iframe>\n<\/div><\/figure>\n\n\n\n<p><a href=\"https:\/\/youtu.be\/Y5BLJ8iZiuc\">357_T\u00e1ctica Grupal. Contraataque<\/a> (video)<\/p>\n\n\n\n<figure class=\"wp-block-embed is-type-video is-provider-youtube wp-block-embed-youtube wp-embed-aspect-16-9 wp-has-aspect-ratio\"><div class=\"wp-block-embed__wrapper\">\n<iframe loading=\"lazy\" title=\"357 T\u00e1ctica Grupal  Contraataque\" width=\"640\" height=\"360\" src=\"https:\/\/www.youtube.com\/embed\/Y5BLJ8iZiuc?feature=oembed\" frameborder=\"0\" allow=\"accelerometer; autoplay; clipboard-write; encrypted-media; gyroscope; picture-in-picture; web-share\" referrerpolicy=\"strict-origin-when-cross-origin\" allowfullscreen><\/iframe>\n<\/div><\/figure>\n","protected":false},"excerpt":{"rendered":"<p>353_Velocidad. Transici\u00f3n &#8211; (velocidad de aceleraci\u00f3n) &#8211; 3 vs 3 (video) 354_RUEDA DE pases en transici\u00f3n ofensiva CON TERCER HOMBRE (video) 355_Transici\u00f3n Defensa-Ataque (video) 356_TRANSICIONES (video) 357_T\u00e1ctica Grupal. Contraataque (video)<\/p>\n","protected":false},"author":1,"featured_media":0,"parent":0,"menu_order":0,"comment_status":"closed","ping_status":"closed","template":"","meta":{"footnotes":""},"class_list":["post-445","page","type-page","status-publish","hentry"],"yoast_head":"<!-- This site is optimized with the Yoast SEO plugin v23.2 - https:\/\/yoast.com\/wordpress\/plugins\/seo\/ -->\n<title>CONTRAATAQUE - Sociedad Deportiva LENENSE<\/title>\n<meta name=\"robots\" content=\"index, follow, max-snippet:-1, max-image-preview:large, max-video-preview:-1\" \/>\n<link rel=\"canonical\" href=\"https:\/\/metodologiarof.es\/index.php\/contraataque\/\" \/>\n<meta property=\"og:locale\" content=\"es_ES\" \/>\n<meta property=\"og:type\" content=\"article\" \/>\n<meta property=\"og:title\" content=\"CONTRAATAQUE - Sociedad Deportiva LENENSE\" \/>\n<meta property=\"og:description\" content=\"353_Velocidad. Transici\u00f3n &#8211; (velocidad de aceleraci\u00f3n) &#8211; 3 vs 3 (video) 354_RUEDA DE pases en transici\u00f3n ofensiva CON TERCER HOMBRE (video) 355_Transici\u00f3n Defensa-Ataque (video) 356_TRANSICIONES (video) 357_T\u00e1ctica Grupal. Contraataque (video)\" \/>\n<meta property=\"og:url\" content=\"https:\/\/metodologiarof.es\/index.php\/contraataque\/\" \/>\n<meta property=\"og:site_name\" content=\"Sociedad Deportiva LENENSE\" \/>\n<meta property=\"article:modified_time\" content=\"2024-08-11T19:44:34+00:00\" \/>\n<meta name=\"twitter:card\" content=\"summary_large_image\" \/>\n<meta name=\"twitter:label1\" content=\"Tiempo de lectura\" \/>\n\t<meta name=\"twitter:data1\" content=\"1 minuto\" \/>\n<script type=\"application\/ld+json\" class=\"yoast-schema-graph\">{\"@context\":\"https:\/\/schema.org\",\"@graph\":[{\"@type\":\"WebPage\",\"@id\":\"https:\/\/metodologiarof.es\/index.php\/contraataque\/\",\"url\":\"https:\/\/metodologiarof.es\/index.php\/contraataque\/\",\"name\":\"CONTRAATAQUE - Sociedad Deportiva LENENSE\",\"isPartOf\":{\"@id\":\"https:\/\/metodologiarof.es\/#website\"},\"datePublished\":\"2024-08-07T12:33:38+00:00\",\"dateModified\":\"2024-08-11T19:44:34+00:00\",\"breadcrumb\":{\"@id\":\"https:\/\/metodologiarof.es\/index.php\/contraataque\/#breadcrumb\"},\"inLanguage\":\"es\",\"potentialAction\":[{\"@type\":\"ReadAction\",\"target\":[\"https:\/\/metodologiarof.es\/index.php\/contraataque\/\"]}]},{\"@type\":\"BreadcrumbList\",\"@id\":\"https:\/\/metodologiarof.es\/index.php\/contraataque\/#breadcrumb\",\"itemListElement\":[{\"@type\":\"ListItem\",\"position\":1,\"name\":\"Portada\",\"item\":\"https:\/\/metodologiarof.es\/\"},{\"@type\":\"ListItem\",\"position\":2,\"name\":\"CONTRAATAQUE\"}]},{\"@type\":\"WebSite\",\"@id\":\"https:\/\/metodologiarof.es\/#website\",\"url\":\"https:\/\/metodologiarof.es\/\",\"name\":\"Sociedad Deportiva LENENSE\",\"description\":\"\",\"publisher\":{\"@id\":\"https:\/\/metodologiarof.es\/#organization\"},\"potentialAction\":[{\"@type\":\"SearchAction\",\"target\":{\"@type\":\"EntryPoint\",\"urlTemplate\":\"https:\/\/metodologiarof.es\/?s={search_term_string}\"},\"query-input\":\"required name=search_term_string\"}],\"inLanguage\":\"es\"},{\"@type\":\"Organization\",\"@id\":\"https:\/\/metodologiarof.es\/#organization\",\"name\":\"Sociedad Deportiva LENENSE\",\"url\":\"https:\/\/metodologiarof.es\/\",\"logo\":{\"@type\":\"ImageObject\",\"inLanguage\":\"es\",\"@id\":\"https:\/\/metodologiarof.es\/#\/schema\/logo\/image\/\",\"url\":\"https:\/\/metodologiarof.es\/wp-content\/uploads\/2024\/08\/cropped-FUTBOL-BASE.jpeg\",\"contentUrl\":\"https:\/\/metodologiarof.es\/wp-content\/uploads\/2024\/08\/cropped-FUTBOL-BASE.jpeg\",\"width\":240,\"height\":45,\"caption\":\"Sociedad Deportiva LENENSE\"},\"image\":{\"@id\":\"https:\/\/metodologiarof.es\/#\/schema\/logo\/image\/\"}}]}<\/script>\n<!-- \/ Yoast SEO plugin. -->","yoast_head_json":{"title":"CONTRAATAQUE - Sociedad Deportiva LENENSE","robots":{"index":"index","follow":"follow","max-snippet":"max-snippet:-1","max-image-preview":"max-image-preview:large","max-video-preview":"max-video-preview:-1"},"canonical":"https:\/\/metodologiarof.es\/index.php\/contraataque\/","og_locale":"es_ES","og_type":"article","og_title":"CONTRAATAQUE - Sociedad Deportiva LENENSE","og_description":"353_Velocidad. Transici\u00f3n &#8211; (velocidad de aceleraci\u00f3n) &#8211; 3 vs 3 (video) 354_RUEDA DE pases en transici\u00f3n ofensiva CON TERCER HOMBRE (video) 355_Transici\u00f3n Defensa-Ataque (video) 356_TRANSICIONES (video) 357_T\u00e1ctica Grupal. Contraataque (video)","og_url":"https:\/\/metodologiarof.es\/index.php\/contraataque\/","og_site_name":"Sociedad Deportiva LENENSE","article_modified_time":"2024-08-11T19:44:34+00:00","twitter_card":"summary_large_image","twitter_misc":{"Tiempo de lectura":"1 minuto"},"schema":{"@context":"https:\/\/schema.org","@graph":[{"@type":"WebPage","@id":"https:\/\/metodologiarof.es\/index.php\/contraataque\/","url":"https:\/\/metodologiarof.es\/index.php\/contraataque\/","name":"CONTRAATAQUE - Sociedad Deportiva LENENSE","isPartOf":{"@id":"https:\/\/metodologiarof.es\/#website"},"datePublished":"2024-08-07T12:33:38+00:00","dateModified":"2024-08-11T19:44:34+00:00","breadcrumb":{"@id":"https:\/\/metodologiarof.es\/index.php\/contraataque\/#breadcrumb"},"inLanguage":"es","potentialAction":[{"@type":"ReadAction","target":["https:\/\/metodologiarof.es\/index.php\/contraataque\/"]}]},{"@type":"BreadcrumbList","@id":"https:\/\/metodologiarof.es\/index.php\/contraataque\/#breadcrumb","itemListElement":[{"@type":"ListItem","position":1,"name":"Portada","item":"https:\/\/metodologiarof.es\/"},{"@type":"ListItem","position":2,"name":"CONTRAATAQUE"}]},{"@type":"WebSite","@id":"https:\/\/metodologiarof.es\/#website","url":"https:\/\/metodologiarof.es\/","name":"Sociedad Deportiva LENENSE","description":"","publisher":{"@id":"https:\/\/metodologiarof.es\/#organization"},"potentialAction":[{"@type":"SearchAction","target":{"@type":"EntryPoint","urlTemplate":"https:\/\/metodologiarof.es\/?s={search_term_string}"},"query-input":"required name=search_term_string"}],"inLanguage":"es"},{"@type":"Organization","@id":"https:\/\/metodologiarof.es\/#organization","name":"Sociedad Deportiva LENENSE","url":"https:\/\/metodologiarof.es\/","logo":{"@type":"ImageObject","inLanguage":"es","@id":"https:\/\/metodologiarof.es\/#\/schema\/logo\/image\/","url":"https:\/\/metodologiarof.es\/wp-content\/uploads\/2024\/08\/cropped-FUTBOL-BASE.jpeg","contentUrl":"https:\/\/metodologiarof.es\/wp-content\/uploads\/2024\/08\/cropped-FUTBOL-BASE.jpeg","width":240,"height":45,"caption":"Sociedad Deportiva LENENSE"},"image":{"@id":"https:\/\/metodologiarof.es\/#\/schema\/logo\/image\/"}}]}},"_links":{"self":[{"href":"https:\/\/metodologiarof.es\/index.php\/wp-json\/wp\/v2\/pages\/445","targetHints":{"allow":["GET"]}}],"collection":[{"href":"https:\/\/metodologiarof.es\/index.php\/wp-json\/wp\/v2\/pages"}],"about":[{"href":"https:\/\/metodologiarof.es\/index.php\/wp-json\/wp\/v2\/types\/page"}],"author":[{"embeddable":true,"href":"https:\/\/metodologiarof.es\/index.php\/wp-json\/wp\/v2\/users\/1"}],"replies":[{"embeddable":true,"href":"https:\/\/metodologiarof.es\/index.php\/wp-json\/wp\/v2\/comments?post=445"}],"version-history":[{"count":3,"href":"https:\/\/metodologiarof.es\/index.php\/wp-json\/wp\/v2\/pages\/445\/revisions"}],"predecessor-version":[{"id":1303,"href":"https:\/\/metodologiarof.es\/index.php\/wp-json\/wp\/v2\/pages\/445\/revisions\/1303"}],"wp:attachment":[{"href":"https:\/\/metodologiarof.es\/index.php\/wp-json\/wp\/v2\/media?parent=445"}],"curies":[{"name":"wp","href":"https:\/\/api.w.org\/{rel}","templated":true}]}}