{"id":457,"date":"2024-08-07T12:33:47","date_gmt":"2024-08-07T12:33:47","guid":{"rendered":"https:\/\/metodologiarof.es\/?page_id=457"},"modified":"2024-08-11T22:23:58","modified_gmt":"2024-08-11T22:23:58","slug":"psicologia","status":"publish","type":"page","link":"https:\/\/metodologiarof.es\/index.php\/psicologia\/","title":{"rendered":"PSICOLOGIA"},"content":{"rendered":"<div class=\"wp-block-image\">\n<figure class=\"aligncenter size-full is-resized\"><img loading=\"lazy\" decoding=\"async\" width=\"492\" height=\"688\" src=\"https:\/\/metodologiarof.es\/wp-content\/uploads\/2024\/08\/image-37.png\" alt=\"\" class=\"wp-image-640\" style=\"width:840px;height:auto\" srcset=\"https:\/\/metodologiarof.es\/wp-content\/uploads\/2024\/08\/image-37.png 492w, https:\/\/metodologiarof.es\/wp-content\/uploads\/2024\/08\/image-37-215x300.png 215w\" sizes=\"auto, (max-width: 492px) 100vw, 492px\" \/><\/figure>\n<\/div>\n\n\n<p><a href=\"https:\/\/youtu.be\/92x47EU3t9M\">455_Reto de Largero<\/a> (video)<\/p>\n\n\n\n<figure class=\"wp-block-embed is-type-video is-provider-youtube wp-block-embed-youtube wp-embed-aspect-4-3 wp-has-aspect-ratio\"><div class=\"wp-block-embed__wrapper\">\n<iframe loading=\"lazy\" title=\"455 RETO DEL LARGERO\" width=\"640\" height=\"480\" src=\"https:\/\/www.youtube.com\/embed\/92x47EU3t9M?feature=oembed\" frameborder=\"0\" allow=\"accelerometer; autoplay; clipboard-write; encrypted-media; gyroscope; picture-in-picture; web-share\" referrerpolicy=\"strict-origin-when-cross-origin\" allowfullscreen><\/iframe>\n<\/div><\/figure>\n\n\n\n<p><a href=\"https:\/\/youtu.be\/-N6FbVySVIo\">456_Golazos desde el c\u00f3rner<\/a> (video)<\/p>\n\n\n\n<figure class=\"wp-block-embed is-type-video is-provider-youtube wp-block-embed-youtube wp-embed-aspect-16-9 wp-has-aspect-ratio\"><div class=\"wp-block-embed__wrapper\">\n<iframe loading=\"lazy\" title=\"456 Golazos Desde el Corner\" width=\"640\" height=\"360\" src=\"https:\/\/www.youtube.com\/embed\/-N6FbVySVIo?feature=oembed\" frameborder=\"0\" allow=\"accelerometer; autoplay; clipboard-write; encrypted-media; gyroscope; picture-in-picture; web-share\" referrerpolicy=\"strict-origin-when-cross-origin\" allowfullscreen><\/iframe>\n<\/div><\/figure>\n\n\n\n<p><a href=\"https:\/\/youtu.be\/CBe3H2fQO3Y\">457_Goles medio del campo<\/a> (video)<\/p>\n\n\n\n<figure class=\"wp-block-embed is-type-video is-provider-youtube wp-block-embed-youtube wp-embed-aspect-16-9 wp-has-aspect-ratio\"><div class=\"wp-block-embed__wrapper\">\n<iframe loading=\"lazy\" title=\"457 Goles de medio campo\" width=\"640\" height=\"360\" src=\"https:\/\/www.youtube.com\/embed\/CBe3H2fQO3Y?feature=oembed\" frameborder=\"0\" allow=\"accelerometer; autoplay; clipboard-write; encrypted-media; gyroscope; picture-in-picture; web-share\" referrerpolicy=\"strict-origin-when-cross-origin\" allowfullscreen><\/iframe>\n<\/div><\/figure>\n\n\n\n<p><a href=\"https:\/\/youtu.be\/fEbHiDd_kxA\">458_Ejercicios de punter\u00eda<\/a> (video)<\/p>\n\n\n\n<figure class=\"wp-block-embed is-type-video is-provider-youtube wp-block-embed-youtube wp-embed-aspect-4-3 wp-has-aspect-ratio\"><div class=\"wp-block-embed__wrapper\">\n<iframe loading=\"lazy\" title=\"458 EJERCICIOS DE PUNTERIA\" width=\"640\" height=\"480\" src=\"https:\/\/www.youtube.com\/embed\/fEbHiDd_kxA?feature=oembed\" frameborder=\"0\" allow=\"accelerometer; autoplay; clipboard-write; encrypted-media; gyroscope; picture-in-picture; web-share\" referrerpolicy=\"strict-origin-when-cross-origin\" allowfullscreen><\/iframe>\n<\/div><\/figure>\n\n\n\n<p><a href=\"https:\/\/youtu.be\/-4E0XTX4zJU\">459_Petanca<\/a> (video)<\/p>\n\n\n\n<figure class=\"wp-block-embed is-type-video is-provider-youtube wp-block-embed-youtube wp-embed-aspect-4-3 wp-has-aspect-ratio\"><div class=\"wp-block-embed__wrapper\">\n<iframe loading=\"lazy\" title=\"459 PETANCA GOLPEAR PALO O DEJAR LINEA\" width=\"640\" height=\"480\" src=\"https:\/\/www.youtube.com\/embed\/-4E0XTX4zJU?feature=oembed\" frameborder=\"0\" allow=\"accelerometer; autoplay; clipboard-write; encrypted-media; gyroscope; picture-in-picture; web-share\" referrerpolicy=\"strict-origin-when-cross-origin\" allowfullscreen><\/iframe>\n<\/div><\/figure>\n\n\n\n<p><a href=\"https:\/\/youtu.be\/M8-qDxYl0pA\">460_Yo tengo un tic<\/a> (video)<\/p>\n\n\n\n<figure class=\"wp-block-embed is-type-video is-provider-youtube wp-block-embed-youtube wp-embed-aspect-16-9 wp-has-aspect-ratio\"><div class=\"wp-block-embed__wrapper\">\n<iframe loading=\"lazy\" title=\"460 Yo tengo un tic\" width=\"640\" height=\"360\" src=\"https:\/\/www.youtube.com\/embed\/M8-qDxYl0pA?feature=oembed\" frameborder=\"0\" allow=\"accelerometer; autoplay; clipboard-write; encrypted-media; gyroscope; picture-in-picture; web-share\" referrerpolicy=\"strict-origin-when-cross-origin\" allowfullscreen><\/iframe>\n<\/div><\/figure>\n\n\n\n<p><a href=\"https:\/\/youtu.be\/FFfktUIdyjQ\">461_Tres en raya<\/a> (video)<\/p>\n\n\n\n<figure class=\"wp-block-embed is-type-video is-provider-youtube wp-block-embed-youtube wp-embed-aspect-16-9 wp-has-aspect-ratio\"><div class=\"wp-block-embed__wrapper\">\n<iframe loading=\"lazy\" title=\"461 tres en raya\" width=\"640\" height=\"360\" src=\"https:\/\/www.youtube.com\/embed\/FFfktUIdyjQ?feature=oembed\" frameborder=\"0\" allow=\"accelerometer; autoplay; clipboard-write; encrypted-media; gyroscope; picture-in-picture; web-share\" referrerpolicy=\"strict-origin-when-cross-origin\" allowfullscreen><\/iframe>\n<\/div><\/figure>\n\n\n\n<p><a href=\"https:\/\/youtu.be\/xBxVMAW5xDA\">462_Los ni\u00f1os de San Idelfonso<\/a> (video)<\/p>\n\n\n\n<figure class=\"wp-block-embed is-type-video is-provider-youtube wp-block-embed-youtube wp-embed-aspect-16-9 wp-has-aspect-ratio\"><div class=\"wp-block-embed__wrapper\">\n<iframe loading=\"lazy\" title=\"462 Los ni\u00f1os de San Ildefonso\" width=\"640\" height=\"360\" src=\"https:\/\/www.youtube.com\/embed\/xBxVMAW5xDA?feature=oembed\" frameborder=\"0\" allow=\"accelerometer; autoplay; clipboard-write; encrypted-media; gyroscope; picture-in-picture; web-share\" referrerpolicy=\"strict-origin-when-cross-origin\" allowfullscreen><\/iframe>\n<\/div><\/figure>\n\n\n\n<p><a href=\"https:\/\/youtu.be\/AgExEVnHLuA\">463_el oso, el cazador y el guarda<\/a> (video)<\/p>\n\n\n\n<figure class=\"wp-block-embed is-type-video is-provider-youtube wp-block-embed-youtube wp-embed-aspect-16-9 wp-has-aspect-ratio\"><div class=\"wp-block-embed__wrapper\">\n<iframe loading=\"lazy\" title=\"463 el oso, el cazador y el guarda forestal\" width=\"640\" height=\"360\" src=\"https:\/\/www.youtube.com\/embed\/AgExEVnHLuA?feature=oembed\" frameborder=\"0\" allow=\"accelerometer; autoplay; clipboard-write; encrypted-media; gyroscope; picture-in-picture; web-share\" referrerpolicy=\"strict-origin-when-cross-origin\" allowfullscreen><\/iframe>\n<\/div><\/figure>\n\n\n\n<p><a href=\"https:\/\/youtu.be\/RXPpvS7twx8\">464_Los m\u00faltiplos de 7<\/a> (video)<\/p>\n\n\n\n<figure class=\"wp-block-embed is-type-video is-provider-youtube wp-block-embed-youtube wp-embed-aspect-16-9 wp-has-aspect-ratio\"><div class=\"wp-block-embed__wrapper\">\n<iframe loading=\"lazy\" title=\"467 Ejercicio de Tres en Raya por Equipos\" width=\"640\" height=\"360\" src=\"https:\/\/www.youtube.com\/embed\/RXPpvS7twx8?feature=oembed\" frameborder=\"0\" allow=\"accelerometer; autoplay; clipboard-write; encrypted-media; gyroscope; picture-in-picture; web-share\" referrerpolicy=\"strict-origin-when-cross-origin\" allowfullscreen><\/iframe>\n<\/div><\/figure>\n\n\n\n<p><a href=\"https:\/\/youtu.be\/9vwXeoD4qLQ\">465_Pilla Pilla<\/a> (video)<\/p>\n\n\n\n<figure class=\"wp-block-embed is-type-video is-provider-youtube wp-block-embed-youtube wp-embed-aspect-16-9 wp-has-aspect-ratio\"><div class=\"wp-block-embed__wrapper\">\n<iframe loading=\"lazy\" title=\"465 PILLA PILLA\" width=\"640\" height=\"360\" src=\"https:\/\/www.youtube.com\/embed\/9vwXeoD4qLQ?feature=oembed\" frameborder=\"0\" allow=\"accelerometer; autoplay; clipboard-write; encrypted-media; gyroscope; picture-in-picture; web-share\" referrerpolicy=\"strict-origin-when-cross-origin\" allowfullscreen><\/iframe>\n<\/div><\/figure>\n\n\n\n<p><a href=\"https:\/\/youtu.be\/n925scS2D9A\">466_El juego del pa\u00f1uelo<\/a> (video)<\/p>\n\n\n\n<figure class=\"wp-block-embed is-type-video is-provider-youtube wp-block-embed-youtube wp-embed-aspect-16-9 wp-has-aspect-ratio\"><div class=\"wp-block-embed__wrapper\">\n<iframe loading=\"lazy\" title=\"466 El juego del pa\u00f1uelo\" width=\"640\" height=\"360\" src=\"https:\/\/www.youtube.com\/embed\/n925scS2D9A?feature=oembed\" frameborder=\"0\" allow=\"accelerometer; autoplay; clipboard-write; encrypted-media; gyroscope; picture-in-picture; web-share\" referrerpolicy=\"strict-origin-when-cross-origin\" allowfullscreen><\/iframe>\n<\/div><\/figure>\n\n\n\n<p>467_&#8212;&#8212;&#8212;&#8212;- (video)<\/p>\n\n\n\n<p><a href=\"https:\/\/youtu.be\/vKyWGAfgxA4\">468_Metegol o futbol\u00edn humano.<\/a> (video)<\/p>\n\n\n\n<figure class=\"wp-block-embed is-type-video is-provider-youtube wp-block-embed-youtube wp-embed-aspect-16-9 wp-has-aspect-ratio\"><div class=\"wp-block-embed__wrapper\">\n<iframe loading=\"lazy\" title=\"468 Metegol o futbol\u00edn humano\" width=\"640\" height=\"360\" src=\"https:\/\/www.youtube.com\/embed\/vKyWGAfgxA4?feature=oembed\" frameborder=\"0\" allow=\"accelerometer; autoplay; clipboard-write; encrypted-media; gyroscope; picture-in-picture; web-share\" referrerpolicy=\"strict-origin-when-cross-origin\" allowfullscreen><\/iframe>\n<\/div><\/figure>\n\n\n\n<p><a href=\"https:\/\/youtu.be\/_MrXMwUhqBk\">469_Concurso dejada pecho y volea<\/a> (video)<\/p>\n\n\n\n<figure class=\"wp-block-embed is-type-video is-provider-youtube wp-block-embed-youtube wp-embed-aspect-16-9 wp-has-aspect-ratio\"><div class=\"wp-block-embed__wrapper\">\n<iframe loading=\"lazy\" title=\"469 CONCURSO DEJADA PECHO Y VOLEA\" width=\"640\" height=\"360\" src=\"https:\/\/www.youtube.com\/embed\/_MrXMwUhqBk?feature=oembed\" frameborder=\"0\" allow=\"accelerometer; autoplay; clipboard-write; encrypted-media; gyroscope; picture-in-picture; web-share\" referrerpolicy=\"strict-origin-when-cross-origin\" allowfullscreen><\/iframe>\n<\/div><\/figure>\n\n\n\n<p><a href=\"https:\/\/youtu.be\/bgNk4kvYuZo\">470_Concurso remate de cabeza<\/a> (video)<\/p>\n\n\n\n<figure class=\"wp-block-embed is-type-video is-provider-youtube wp-block-embed-youtube wp-embed-aspect-16-9 wp-has-aspect-ratio\"><div class=\"wp-block-embed__wrapper\">\n<iframe loading=\"lazy\" title=\"470 CONCUSO REMATE DE CABEZA\" width=\"640\" height=\"360\" src=\"https:\/\/www.youtube.com\/embed\/bgNk4kvYuZo?feature=oembed\" frameborder=\"0\" allow=\"accelerometer; autoplay; clipboard-write; encrypted-media; gyroscope; picture-in-picture; web-share\" referrerpolicy=\"strict-origin-when-cross-origin\" allowfullscreen><\/iframe>\n<\/div><\/figure>\n\n\n\n<p>471_Concurso penalti estilo Maradona_Mendieta (video)<\/p>\n\n\n\n<figure class=\"wp-block-embed is-type-video is-provider-youtube wp-block-embed-youtube wp-embed-aspect-4-3 wp-has-aspect-ratio\"><div class=\"wp-block-embed__wrapper\">\n<iframe loading=\"lazy\" title=\"471 PENALTIS Maradona Mendieta\" width=\"640\" height=\"480\" src=\"https:\/\/www.youtube.com\/embed\/fquCK_u4mss?feature=oembed\" frameborder=\"0\" allow=\"accelerometer; autoplay; clipboard-write; encrypted-media; gyroscope; picture-in-picture; web-share\" referrerpolicy=\"strict-origin-when-cross-origin\" allowfullscreen><\/iframe>\n<\/div><\/figure>\n\n\n\n<p><a href=\"https:\/\/youtu.be\/tFnsmVvndic\">472_Concurso faltas<\/a> (video)<\/p>\n\n\n\n<figure class=\"wp-block-embed is-type-video is-provider-youtube wp-block-embed-youtube wp-embed-aspect-16-9 wp-has-aspect-ratio\"><div class=\"wp-block-embed__wrapper\">\n<iframe loading=\"lazy\" title=\"472 CONCURSO FALTAS\" width=\"640\" height=\"360\" src=\"https:\/\/www.youtube.com\/embed\/tFnsmVvndic?feature=oembed\" frameborder=\"0\" allow=\"accelerometer; autoplay; clipboard-write; encrypted-media; gyroscope; picture-in-picture; web-share\" referrerpolicy=\"strict-origin-when-cross-origin\" allowfullscreen><\/iframe>\n<\/div><\/figure>\n\n\n\n<p><a href=\"https:\/\/youtu.be\/DSgN6vsPgFE\">473_Concurso volea<\/a> (video)<\/p>\n\n\n\n<figure class=\"wp-block-embed is-type-video is-provider-youtube wp-block-embed-youtube wp-embed-aspect-16-9 wp-has-aspect-ratio\"><div class=\"wp-block-embed__wrapper\">\n<iframe loading=\"lazy\" title=\"473 CONCURSO VOLEA\" width=\"640\" height=\"360\" src=\"https:\/\/www.youtube.com\/embed\/DSgN6vsPgFE?feature=oembed\" frameborder=\"0\" allow=\"accelerometer; autoplay; clipboard-write; encrypted-media; gyroscope; picture-in-picture; web-share\" referrerpolicy=\"strict-origin-when-cross-origin\" allowfullscreen><\/iframe>\n<\/div><\/figure>\n\n\n\n<p><a href=\"https:\/\/youtu.be\/ejKYnue16C4\">474_Reto de punter\u00eda<\/a> (video)<\/p>\n\n\n\n<figure class=\"wp-block-embed is-type-video is-provider-youtube wp-block-embed-youtube wp-embed-aspect-16-9 wp-has-aspect-ratio\"><div class=\"wp-block-embed__wrapper\">\n<iframe loading=\"lazy\" title=\"474 RETO de PUNTER\u00cdA\" width=\"640\" height=\"360\" src=\"https:\/\/www.youtube.com\/embed\/ejKYnue16C4?feature=oembed\" frameborder=\"0\" allow=\"accelerometer; autoplay; clipboard-write; encrypted-media; gyroscope; picture-in-picture; web-share\" referrerpolicy=\"strict-origin-when-cross-origin\" allowfullscreen><\/iframe>\n<\/div><\/figure>\n\n\n\n<p><a href=\"https:\/\/youtu.be\/ZEN7wU2AXB8\">475_Bote Pronto<\/a> (video)<\/p>\n\n\n\n<figure class=\"wp-block-embed is-type-video is-provider-youtube wp-block-embed-youtube wp-embed-aspect-16-9 wp-has-aspect-ratio\"><div class=\"wp-block-embed__wrapper\">\n<iframe loading=\"lazy\" title=\"475 BOTE PRONTO\" width=\"640\" height=\"360\" src=\"https:\/\/www.youtube.com\/embed\/ZEN7wU2AXB8?feature=oembed\" frameborder=\"0\" allow=\"accelerometer; autoplay; clipboard-write; encrypted-media; gyroscope; picture-in-picture; web-share\" referrerpolicy=\"strict-origin-when-cross-origin\" allowfullscreen><\/iframe>\n<\/div><\/figure>\n\n\n\n<p><a href=\"https:\/\/youtu.be\/Vw4yoTweGLw\">476_A la selva fui<\/a> (video)<\/p>\n\n\n\n<figure class=\"wp-block-embed is-type-video is-provider-youtube wp-block-embed-youtube wp-embed-aspect-16-9 wp-has-aspect-ratio\"><div class=\"wp-block-embed__wrapper\">\n<iframe loading=\"lazy\" title=\"476 A la selva fui\" width=\"640\" height=\"360\" src=\"https:\/\/www.youtube.com\/embed\/Vw4yoTweGLw?feature=oembed\" frameborder=\"0\" allow=\"accelerometer; autoplay; clipboard-write; encrypted-media; gyroscope; picture-in-picture; web-share\" referrerpolicy=\"strict-origin-when-cross-origin\" allowfullscreen><\/iframe>\n<\/div><\/figure>\n\n\n\n<p><a href=\"https:\/\/youtu.be\/aKoVR4l9yyo\">477_Reto Rabona<\/a> (video)<\/p>\n\n\n\n<figure class=\"wp-block-embed is-type-video is-provider-youtube wp-block-embed-youtube wp-embed-aspect-16-9 wp-has-aspect-ratio\"><div class=\"wp-block-embed__wrapper\">\n<iframe loading=\"lazy\" title=\"477 RETO RABONA\" width=\"640\" height=\"360\" src=\"https:\/\/www.youtube.com\/embed\/aKoVR4l9yyo?feature=oembed\" frameborder=\"0\" allow=\"accelerometer; autoplay; clipboard-write; encrypted-media; gyroscope; picture-in-picture; web-share\" referrerpolicy=\"strict-origin-when-cross-origin\" allowfullscreen><\/iframe>\n<\/div><\/figure>\n\n\n\n<p><a href=\"https:\/\/metodologiarof.es\/wp-content\/uploads\/2024\/08\/478_CONDUCTAS.pdf\">478_Conductas<\/a><\/p>\n\n\n<a href=\"https:\/\/metodologiarof.es\/wp-content\/uploads\/2024\/08\/478_CONDUCTAS.pdf\" class=\"pdfemb-viewer\" style=\"\" data-width=\"max\" data-height=\"max\" data-toolbar=\"bottom\" data-toolbar-fixed=\"off\">478_CONDUCTAS<\/a>","protected":false},"excerpt":{"rendered":"<p>455_Reto de Largero (video) 456_Golazos desde el c\u00f3rner (video) 457_Goles medio del campo (video) 458_Ejercicios de punter\u00eda (video) 459_Petanca (video) 460_Yo tengo un tic (video) 461_Tres en raya (video) 462_Los ni\u00f1os de San Idelfonso (video) 463_el oso, el cazador y el guarda (video) 464_Los m\u00faltiplos de 7 (video) 465_Pilla Pilla (video) 466_El juego del pa\u00f1uelo [&hellip;]<\/p>\n","protected":false},"author":1,"featured_media":0,"parent":0,"menu_order":0,"comment_status":"closed","ping_status":"closed","template":"","meta":{"footnotes":""},"class_list":["post-457","page","type-page","status-publish","hentry"],"yoast_head":"<!-- This site is optimized with the Yoast SEO plugin v23.2 - https:\/\/yoast.com\/wordpress\/plugins\/seo\/ -->\n<title>PSICOLOGIA - Sociedad Deportiva LENENSE<\/title>\n<meta name=\"robots\" content=\"index, follow, max-snippet:-1, max-image-preview:large, max-video-preview:-1\" \/>\n<link rel=\"canonical\" href=\"https:\/\/metodologiarof.es\/index.php\/psicologia\/\" \/>\n<meta property=\"og:locale\" content=\"es_ES\" \/>\n<meta property=\"og:type\" content=\"article\" \/>\n<meta property=\"og:title\" content=\"PSICOLOGIA - Sociedad Deportiva LENENSE\" \/>\n<meta property=\"og:description\" content=\"455_Reto de Largero (video) 456_Golazos desde el c\u00f3rner (video) 457_Goles medio del campo (video) 458_Ejercicios de punter\u00eda (video) 459_Petanca (video) 460_Yo tengo un tic (video) 461_Tres en raya (video) 462_Los ni\u00f1os de San Idelfonso (video) 463_el oso, el cazador y el guarda (video) 464_Los m\u00faltiplos de 7 (video) 465_Pilla Pilla (video) 466_El juego del pa\u00f1uelo [&hellip;]\" \/>\n<meta property=\"og:url\" content=\"https:\/\/metodologiarof.es\/index.php\/psicologia\/\" \/>\n<meta property=\"og:site_name\" content=\"Sociedad Deportiva LENENSE\" \/>\n<meta property=\"article:modified_time\" content=\"2024-08-11T22:23:58+00:00\" \/>\n<meta property=\"og:image\" content=\"https:\/\/metodologiarof.es\/wp-content\/uploads\/2024\/08\/image-37.png\" \/>\n<meta name=\"twitter:card\" content=\"summary_large_image\" \/>\n<meta name=\"twitter:label1\" content=\"Tiempo de lectura\" \/>\n\t<meta name=\"twitter:data1\" content=\"1 minuto\" \/>\n<script type=\"application\/ld+json\" class=\"yoast-schema-graph\">{\"@context\":\"https:\/\/schema.org\",\"@graph\":[{\"@type\":\"WebPage\",\"@id\":\"https:\/\/metodologiarof.es\/index.php\/psicologia\/\",\"url\":\"https:\/\/metodologiarof.es\/index.php\/psicologia\/\",\"name\":\"PSICOLOGIA - Sociedad Deportiva LENENSE\",\"isPartOf\":{\"@id\":\"https:\/\/metodologiarof.es\/#website\"},\"primaryImageOfPage\":{\"@id\":\"https:\/\/metodologiarof.es\/index.php\/psicologia\/#primaryimage\"},\"image\":{\"@id\":\"https:\/\/metodologiarof.es\/index.php\/psicologia\/#primaryimage\"},\"thumbnailUrl\":\"https:\/\/metodologiarof.es\/wp-content\/uploads\/2024\/08\/image-37.png\",\"datePublished\":\"2024-08-07T12:33:47+00:00\",\"dateModified\":\"2024-08-11T22:23:58+00:00\",\"breadcrumb\":{\"@id\":\"https:\/\/metodologiarof.es\/index.php\/psicologia\/#breadcrumb\"},\"inLanguage\":\"es\",\"potentialAction\":[{\"@type\":\"ReadAction\",\"target\":[\"https:\/\/metodologiarof.es\/index.php\/psicologia\/\"]}]},{\"@type\":\"ImageObject\",\"inLanguage\":\"es\",\"@id\":\"https:\/\/metodologiarof.es\/index.php\/psicologia\/#primaryimage\",\"url\":\"https:\/\/metodologiarof.es\/wp-content\/uploads\/2024\/08\/image-37.png\",\"contentUrl\":\"https:\/\/metodologiarof.es\/wp-content\/uploads\/2024\/08\/image-37.png\",\"width\":492,\"height\":688},{\"@type\":\"BreadcrumbList\",\"@id\":\"https:\/\/metodologiarof.es\/index.php\/psicologia\/#breadcrumb\",\"itemListElement\":[{\"@type\":\"ListItem\",\"position\":1,\"name\":\"Portada\",\"item\":\"https:\/\/metodologiarof.es\/\"},{\"@type\":\"ListItem\",\"position\":2,\"name\":\"PSICOLOGIA\"}]},{\"@type\":\"WebSite\",\"@id\":\"https:\/\/metodologiarof.es\/#website\",\"url\":\"https:\/\/metodologiarof.es\/\",\"name\":\"Sociedad Deportiva LENENSE\",\"description\":\"\",\"publisher\":{\"@id\":\"https:\/\/metodologiarof.es\/#organization\"},\"potentialAction\":[{\"@type\":\"SearchAction\",\"target\":{\"@type\":\"EntryPoint\",\"urlTemplate\":\"https:\/\/metodologiarof.es\/?s={search_term_string}\"},\"query-input\":\"required name=search_term_string\"}],\"inLanguage\":\"es\"},{\"@type\":\"Organization\",\"@id\":\"https:\/\/metodologiarof.es\/#organization\",\"name\":\"Sociedad Deportiva LENENSE\",\"url\":\"https:\/\/metodologiarof.es\/\",\"logo\":{\"@type\":\"ImageObject\",\"inLanguage\":\"es\",\"@id\":\"https:\/\/metodologiarof.es\/#\/schema\/logo\/image\/\",\"url\":\"https:\/\/metodologiarof.es\/wp-content\/uploads\/2024\/08\/cropped-FUTBOL-BASE.jpeg\",\"contentUrl\":\"https:\/\/metodologiarof.es\/wp-content\/uploads\/2024\/08\/cropped-FUTBOL-BASE.jpeg\",\"width\":240,\"height\":45,\"caption\":\"Sociedad Deportiva LENENSE\"},\"image\":{\"@id\":\"https:\/\/metodologiarof.es\/#\/schema\/logo\/image\/\"}}]}<\/script>\n<!-- \/ Yoast SEO plugin. -->","yoast_head_json":{"title":"PSICOLOGIA - Sociedad Deportiva LENENSE","robots":{"index":"index","follow":"follow","max-snippet":"max-snippet:-1","max-image-preview":"max-image-preview:large","max-video-preview":"max-video-preview:-1"},"canonical":"https:\/\/metodologiarof.es\/index.php\/psicologia\/","og_locale":"es_ES","og_type":"article","og_title":"PSICOLOGIA - Sociedad Deportiva LENENSE","og_description":"455_Reto de Largero (video) 456_Golazos desde el c\u00f3rner (video) 457_Goles medio del campo (video) 458_Ejercicios de punter\u00eda (video) 459_Petanca (video) 460_Yo tengo un tic (video) 461_Tres en raya (video) 462_Los ni\u00f1os de San Idelfonso (video) 463_el oso, el cazador y el guarda (video) 464_Los m\u00faltiplos de 7 (video) 465_Pilla Pilla (video) 466_El juego del pa\u00f1uelo [&hellip;]","og_url":"https:\/\/metodologiarof.es\/index.php\/psicologia\/","og_site_name":"Sociedad Deportiva LENENSE","article_modified_time":"2024-08-11T22:23:58+00:00","og_image":[{"url":"https:\/\/metodologiarof.es\/wp-content\/uploads\/2024\/08\/image-37.png"}],"twitter_card":"summary_large_image","twitter_misc":{"Tiempo de lectura":"1 minuto"},"schema":{"@context":"https:\/\/schema.org","@graph":[{"@type":"WebPage","@id":"https:\/\/metodologiarof.es\/index.php\/psicologia\/","url":"https:\/\/metodologiarof.es\/index.php\/psicologia\/","name":"PSICOLOGIA - Sociedad Deportiva LENENSE","isPartOf":{"@id":"https:\/\/metodologiarof.es\/#website"},"primaryImageOfPage":{"@id":"https:\/\/metodologiarof.es\/index.php\/psicologia\/#primaryimage"},"image":{"@id":"https:\/\/metodologiarof.es\/index.php\/psicologia\/#primaryimage"},"thumbnailUrl":"https:\/\/metodologiarof.es\/wp-content\/uploads\/2024\/08\/image-37.png","datePublished":"2024-08-07T12:33:47+00:00","dateModified":"2024-08-11T22:23:58+00:00","breadcrumb":{"@id":"https:\/\/metodologiarof.es\/index.php\/psicologia\/#breadcrumb"},"inLanguage":"es","potentialAction":[{"@type":"ReadAction","target":["https:\/\/metodologiarof.es\/index.php\/psicologia\/"]}]},{"@type":"ImageObject","inLanguage":"es","@id":"https:\/\/metodologiarof.es\/index.php\/psicologia\/#primaryimage","url":"https:\/\/metodologiarof.es\/wp-content\/uploads\/2024\/08\/image-37.png","contentUrl":"https:\/\/metodologiarof.es\/wp-content\/uploads\/2024\/08\/image-37.png","width":492,"height":688},{"@type":"BreadcrumbList","@id":"https:\/\/metodologiarof.es\/index.php\/psicologia\/#breadcrumb","itemListElement":[{"@type":"ListItem","position":1,"name":"Portada","item":"https:\/\/metodologiarof.es\/"},{"@type":"ListItem","position":2,"name":"PSICOLOGIA"}]},{"@type":"WebSite","@id":"https:\/\/metodologiarof.es\/#website","url":"https:\/\/metodologiarof.es\/","name":"Sociedad Deportiva LENENSE","description":"","publisher":{"@id":"https:\/\/metodologiarof.es\/#organization"},"potentialAction":[{"@type":"SearchAction","target":{"@type":"EntryPoint","urlTemplate":"https:\/\/metodologiarof.es\/?s={search_term_string}"},"query-input":"required name=search_term_string"}],"inLanguage":"es"},{"@type":"Organization","@id":"https:\/\/metodologiarof.es\/#organization","name":"Sociedad Deportiva LENENSE","url":"https:\/\/metodologiarof.es\/","logo":{"@type":"ImageObject","inLanguage":"es","@id":"https:\/\/metodologiarof.es\/#\/schema\/logo\/image\/","url":"https:\/\/metodologiarof.es\/wp-content\/uploads\/2024\/08\/cropped-FUTBOL-BASE.jpeg","contentUrl":"https:\/\/metodologiarof.es\/wp-content\/uploads\/2024\/08\/cropped-FUTBOL-BASE.jpeg","width":240,"height":45,"caption":"Sociedad Deportiva LENENSE"},"image":{"@id":"https:\/\/metodologiarof.es\/#\/schema\/logo\/image\/"}}]}},"_links":{"self":[{"href":"https:\/\/metodologiarof.es\/index.php\/wp-json\/wp\/v2\/pages\/457","targetHints":{"allow":["GET"]}}],"collection":[{"href":"https:\/\/metodologiarof.es\/index.php\/wp-json\/wp\/v2\/pages"}],"about":[{"href":"https:\/\/metodologiarof.es\/index.php\/wp-json\/wp\/v2\/types\/page"}],"author":[{"embeddable":true,"href":"https:\/\/metodologiarof.es\/index.php\/wp-json\/wp\/v2\/users\/1"}],"replies":[{"embeddable":true,"href":"https:\/\/metodologiarof.es\/index.php\/wp-json\/wp\/v2\/comments?post=457"}],"version-history":[{"count":10,"href":"https:\/\/metodologiarof.es\/index.php\/wp-json\/wp\/v2\/pages\/457\/revisions"}],"predecessor-version":[{"id":1354,"href":"https:\/\/metodologiarof.es\/index.php\/wp-json\/wp\/v2\/pages\/457\/revisions\/1354"}],"wp:attachment":[{"href":"https:\/\/metodologiarof.es\/index.php\/wp-json\/wp\/v2\/media?parent=457"}],"curies":[{"name":"wp","href":"https:\/\/api.w.org\/{rel}","templated":true}]}}