{"id":705,"date":"2024-08-08T06:13:19","date_gmt":"2024-08-08T06:13:19","guid":{"rendered":"https:\/\/metodologiarof.es\/?page_id=705"},"modified":"2024-08-11T11:14:36","modified_gmt":"2024-08-11T11:14:36","slug":"vocabulario","status":"publish","type":"page","link":"https:\/\/metodologiarof.es\/index.php\/vocabulario\/","title":{"rendered":"VOCABULARIO"},"content":{"rendered":"\n<p class=\"has-vivid-red-color has-text-color has-link-color has-x-large-font-size wp-elements-ccd3b3ff181972eec322bffdd9bdb4b5\"><strong>Pierna Alejada<\/strong> &#8212; 3 opciones de juego en vez de 1 y de comprometer al compa\u00f1ero.<\/p>\n\n\n\n<p class=\"has-vivid-red-color has-text-color has-link-color has-x-large-font-size wp-elements-9b25b9049bf3afa9a064d4d5d2f0e24c\"><strong>CUSTODIA<\/strong><\/p>\n\n\n\n<p class=\"has-vivid-green-cyan-color has-text-color has-link-color has-large-font-size wp-elements-35e0b25dcb861a004d5fdcdddb6770d0\">Jugar a la cara<\/p>\n\n\n\n<p class=\"has-vivid-green-cyan-color has-text-color has-link-color has-large-font-size wp-elements-f8096049b11871acff61705ff3f7f8f8\">Atraca (atraigo y juego a la cara)<\/p>\n\n\n\n<p class=\"has-vivid-red-color has-text-color has-link-color has-x-large-font-size wp-elements-acb1a2f1cb1cd19935a330dae5fee585\"><strong>Amplitud y Profundidad<\/strong><\/p>\n\n\n\n<p class=\"has-vivid-red-color has-text-color has-link-color has-x-large-font-size wp-elements-59aa7e9df0058150a576190c0f5c4166\"><strong>5 DEL DADO<\/strong> &#8212; Que entienda que no la van a perder pues es un rondo de 5 contra 3 + 3 comodines.<\/p>\n\n\n\n<p class=\"has-white-color has-vivid-red-background-color has-text-color has-background has-link-color has-large-font-size wp-elements-2623f4531fefd94f3e3f7eb16c4e5cdf\">Creaci\u00f3n de Rect\u00e1ngulos\/Cuadrados (4vs3)<\/p>\n\n\n\n<p class=\"has-white-color has-vivid-red-background-color has-text-color has-background has-link-color has-large-font-size wp-elements-aeeeaee3ffc2e941bbda483ba67d115d\">Creaci\u00f3n de Tri\u00e1ngulos (3vs2)<\/p>\n\n\n\n<p class=\"has-vivid-green-cyan-color has-text-color has-link-color has-x-large-font-size wp-elements-b0a837fa84c8edc6ccde9ea33e645a98\"><strong>PASE EN 1, 2 , 3 <\/strong><\/p>\n\n\n\n<p class=\"has-white-color has-vivid-green-cyan-background-color has-text-color has-background has-link-color has-large-font-size wp-elements-72613ab5764076c64513fe46802d0938\"><strong>1 Relacionado con el atraco<\/strong> &#8211; &#8211; &#8211; Estamos presionados y el bal\u00f3n debe moverse r\u00e1pido.<\/p>\n\n\n\n<p class=\"has-white-color has-vivid-green-cyan-background-color has-text-color has-background has-link-color has-large-font-size wp-elements-827e8e3dfd44a22c352bd0d92c347dd4\"><strong>2 Utilizar los dos pies y que el bal\u00f3n vuele<\/strong> &#8211; &#8211; -Aseguramos el pase y hacemos que el pase sea m\u00e1s seguro y sea m\u00e1s veloz.<\/p>\n\n\n\n<p class=\"has-white-color has-vivid-green-cyan-background-color has-text-color has-background has-link-color has-large-font-size wp-elements-8e5992e137256267bd54dc0ac3042e72\"><strong>3 Control, Oriento y Pase seguro<\/strong> (habitualmente en largo). &#8212;- Manejo del muslo para control.<\/p>\n\n\n\n<p class=\"has-light-green-cyan-color has-text-color has-link-color has-x-large-font-size wp-elements-f9b9675c671000ea92372582b69735b3\"><strong>GIROS<\/strong> <\/p>\n\n\n\n<p class=\"has-black-color has-text-color has-link-color has-medium-font-size wp-elements-7bc2c9027e37694f258175b2c3413064\">(INIESTA_Interior, XAVI_Exterior, Busquets_Orientado, Guardiola_Custodia con giro de cuello)<\/p>\n\n\n\n<p class=\"has-vivid-green-cyan-color has-text-color has-link-color has-large-font-size wp-elements-7e801705fb37be735e7e97abe6215b9c\"><strong>CORTES y REGATES<\/strong> <\/p>\n\n\n\n<p>&#8212; dejaron de tenerlos al no ir al parque <\/p>\n\n\n\n<p class=\"has-medium-font-size\">DOBLADA (DO), Caer a Banda, Pasillo (PAS), DOY Y VOY (DOVO)_Campos Anchos, VOY Y DOY (VODO)_Campos estrechos, Desdoblar, Dar luz, Pared (Pa), Doble Pared (PaPa), 3\u00ba Hombre, 4\u00ba Hombre (3\u00ba Hombre con custodia y cambio de orientaci\u00f3n), Pases Impensados, Desmarques, Visi\u00f3n perif\u00e9rica, Un pie, atacar al par, atacar al impar.<\/p>\n\n\n\n<p class=\"has-vivid-green-cyan-color has-text-color has-link-color has-large-font-size wp-elements-43176c5e53908fad5c42c0c66e678c1a\"><strong>Ataque<\/strong> <\/p>\n\n\n\n<p class=\"has-vivid-red-color has-text-color has-link-color wp-elements-8b6dd4137160ddc85655aeb4ce8d36ef\">(Ataque posicional <strong>ley 7&#8243;<\/strong>, Primera Oleada (Juego directo 2-3 jugadores), Segunda Oleada (Contraataque 2-5 jugadores)<\/p>\n\n\n\n<p class=\"has-vivid-green-cyan-color has-text-color has-link-color has-large-font-size wp-elements-dea88edc77cfd6468d89b7338b93d72f\">Defensa <\/p>\n\n\n\n<p class=\"has-vivid-red-color has-text-color has-link-color wp-elements-39c65cb30c4bbb8228fe087961d2eca8\">(Presi\u00f3n alta <strong>Ley 5&#8243;<\/strong>, Presi\u00f3n 3 cercanos, Repliegue, Juntar l\u00edneas).<\/p>\n\n\n\n<p class=\"has-vivid-green-cyan-color has-text-color has-link-color wp-elements-06253e4d45ba763509827bcc6699280a\"><strong>ORGANIZAR Y DESARORGANIZAR<\/strong> Generar, aprovechar y ocupar espacios &#8211; &#8211; &#8211; Saque r\u00e1pido para desorganizar, Picard\u00edas para que nos podamos organizar.<\/p>\n\n\n\n<p>.<\/p>\n","protected":false},"excerpt":{"rendered":"<p>Pierna Alejada &#8212; 3 opciones de juego en vez de 1 y de comprometer al compa\u00f1ero. CUSTODIA Jugar a la cara Atraca (atraigo y juego a la cara) Amplitud y Profundidad 5 DEL DADO &#8212; Que entienda que no la van a perder pues es un rondo de 5 contra 3 + 3 comodines. Creaci\u00f3n [&hellip;]<\/p>\n","protected":false},"author":1,"featured_media":0,"parent":0,"menu_order":0,"comment_status":"closed","ping_status":"closed","template":"","meta":{"footnotes":""},"class_list":["post-705","page","type-page","status-publish","hentry"],"yoast_head":"<!-- This site is optimized with the Yoast SEO plugin v23.2 - https:\/\/yoast.com\/wordpress\/plugins\/seo\/ -->\n<title>VOCABULARIO - Sociedad Deportiva LENENSE<\/title>\n<meta name=\"robots\" content=\"index, follow, max-snippet:-1, max-image-preview:large, max-video-preview:-1\" \/>\n<link rel=\"canonical\" href=\"https:\/\/metodologiarof.es\/index.php\/vocabulario\/\" \/>\n<meta property=\"og:locale\" content=\"es_ES\" \/>\n<meta property=\"og:type\" content=\"article\" \/>\n<meta property=\"og:title\" content=\"VOCABULARIO - Sociedad Deportiva LENENSE\" \/>\n<meta property=\"og:description\" content=\"Pierna Alejada &#8212; 3 opciones de juego en vez de 1 y de comprometer al compa\u00f1ero. CUSTODIA Jugar a la cara Atraca (atraigo y juego a la cara) Amplitud y Profundidad 5 DEL DADO &#8212; Que entienda que no la van a perder pues es un rondo de 5 contra 3 + 3 comodines. Creaci\u00f3n [&hellip;]\" \/>\n<meta property=\"og:url\" content=\"https:\/\/metodologiarof.es\/index.php\/vocabulario\/\" \/>\n<meta property=\"og:site_name\" content=\"Sociedad Deportiva LENENSE\" \/>\n<meta property=\"article:modified_time\" content=\"2024-08-11T11:14:36+00:00\" \/>\n<meta name=\"twitter:card\" content=\"summary_large_image\" \/>\n<meta name=\"twitter:label1\" content=\"Tiempo de lectura\" \/>\n\t<meta name=\"twitter:data1\" content=\"2 minutos\" \/>\n<script type=\"application\/ld+json\" class=\"yoast-schema-graph\">{\"@context\":\"https:\/\/schema.org\",\"@graph\":[{\"@type\":\"WebPage\",\"@id\":\"https:\/\/metodologiarof.es\/index.php\/vocabulario\/\",\"url\":\"https:\/\/metodologiarof.es\/index.php\/vocabulario\/\",\"name\":\"VOCABULARIO - Sociedad Deportiva LENENSE\",\"isPartOf\":{\"@id\":\"https:\/\/metodologiarof.es\/#website\"},\"datePublished\":\"2024-08-08T06:13:19+00:00\",\"dateModified\":\"2024-08-11T11:14:36+00:00\",\"breadcrumb\":{\"@id\":\"https:\/\/metodologiarof.es\/index.php\/vocabulario\/#breadcrumb\"},\"inLanguage\":\"es\",\"potentialAction\":[{\"@type\":\"ReadAction\",\"target\":[\"https:\/\/metodologiarof.es\/index.php\/vocabulario\/\"]}]},{\"@type\":\"BreadcrumbList\",\"@id\":\"https:\/\/metodologiarof.es\/index.php\/vocabulario\/#breadcrumb\",\"itemListElement\":[{\"@type\":\"ListItem\",\"position\":1,\"name\":\"Portada\",\"item\":\"https:\/\/metodologiarof.es\/\"},{\"@type\":\"ListItem\",\"position\":2,\"name\":\"VOCABULARIO\"}]},{\"@type\":\"WebSite\",\"@id\":\"https:\/\/metodologiarof.es\/#website\",\"url\":\"https:\/\/metodologiarof.es\/\",\"name\":\"Sociedad Deportiva LENENSE\",\"description\":\"\",\"publisher\":{\"@id\":\"https:\/\/metodologiarof.es\/#organization\"},\"potentialAction\":[{\"@type\":\"SearchAction\",\"target\":{\"@type\":\"EntryPoint\",\"urlTemplate\":\"https:\/\/metodologiarof.es\/?s={search_term_string}\"},\"query-input\":\"required name=search_term_string\"}],\"inLanguage\":\"es\"},{\"@type\":\"Organization\",\"@id\":\"https:\/\/metodologiarof.es\/#organization\",\"name\":\"Sociedad Deportiva LENENSE\",\"url\":\"https:\/\/metodologiarof.es\/\",\"logo\":{\"@type\":\"ImageObject\",\"inLanguage\":\"es\",\"@id\":\"https:\/\/metodologiarof.es\/#\/schema\/logo\/image\/\",\"url\":\"https:\/\/metodologiarof.es\/wp-content\/uploads\/2024\/08\/cropped-FUTBOL-BASE.jpeg\",\"contentUrl\":\"https:\/\/metodologiarof.es\/wp-content\/uploads\/2024\/08\/cropped-FUTBOL-BASE.jpeg\",\"width\":240,\"height\":45,\"caption\":\"Sociedad Deportiva LENENSE\"},\"image\":{\"@id\":\"https:\/\/metodologiarof.es\/#\/schema\/logo\/image\/\"}}]}<\/script>\n<!-- \/ Yoast SEO plugin. -->","yoast_head_json":{"title":"VOCABULARIO - Sociedad Deportiva LENENSE","robots":{"index":"index","follow":"follow","max-snippet":"max-snippet:-1","max-image-preview":"max-image-preview:large","max-video-preview":"max-video-preview:-1"},"canonical":"https:\/\/metodologiarof.es\/index.php\/vocabulario\/","og_locale":"es_ES","og_type":"article","og_title":"VOCABULARIO - Sociedad Deportiva LENENSE","og_description":"Pierna Alejada &#8212; 3 opciones de juego en vez de 1 y de comprometer al compa\u00f1ero. CUSTODIA Jugar a la cara Atraca (atraigo y juego a la cara) Amplitud y Profundidad 5 DEL DADO &#8212; Que entienda que no la van a perder pues es un rondo de 5 contra 3 + 3 comodines. Creaci\u00f3n [&hellip;]","og_url":"https:\/\/metodologiarof.es\/index.php\/vocabulario\/","og_site_name":"Sociedad Deportiva LENENSE","article_modified_time":"2024-08-11T11:14:36+00:00","twitter_card":"summary_large_image","twitter_misc":{"Tiempo de lectura":"2 minutos"},"schema":{"@context":"https:\/\/schema.org","@graph":[{"@type":"WebPage","@id":"https:\/\/metodologiarof.es\/index.php\/vocabulario\/","url":"https:\/\/metodologiarof.es\/index.php\/vocabulario\/","name":"VOCABULARIO - Sociedad Deportiva LENENSE","isPartOf":{"@id":"https:\/\/metodologiarof.es\/#website"},"datePublished":"2024-08-08T06:13:19+00:00","dateModified":"2024-08-11T11:14:36+00:00","breadcrumb":{"@id":"https:\/\/metodologiarof.es\/index.php\/vocabulario\/#breadcrumb"},"inLanguage":"es","potentialAction":[{"@type":"ReadAction","target":["https:\/\/metodologiarof.es\/index.php\/vocabulario\/"]}]},{"@type":"BreadcrumbList","@id":"https:\/\/metodologiarof.es\/index.php\/vocabulario\/#breadcrumb","itemListElement":[{"@type":"ListItem","position":1,"name":"Portada","item":"https:\/\/metodologiarof.es\/"},{"@type":"ListItem","position":2,"name":"VOCABULARIO"}]},{"@type":"WebSite","@id":"https:\/\/metodologiarof.es\/#website","url":"https:\/\/metodologiarof.es\/","name":"Sociedad Deportiva LENENSE","description":"","publisher":{"@id":"https:\/\/metodologiarof.es\/#organization"},"potentialAction":[{"@type":"SearchAction","target":{"@type":"EntryPoint","urlTemplate":"https:\/\/metodologiarof.es\/?s={search_term_string}"},"query-input":"required name=search_term_string"}],"inLanguage":"es"},{"@type":"Organization","@id":"https:\/\/metodologiarof.es\/#organization","name":"Sociedad Deportiva LENENSE","url":"https:\/\/metodologiarof.es\/","logo":{"@type":"ImageObject","inLanguage":"es","@id":"https:\/\/metodologiarof.es\/#\/schema\/logo\/image\/","url":"https:\/\/metodologiarof.es\/wp-content\/uploads\/2024\/08\/cropped-FUTBOL-BASE.jpeg","contentUrl":"https:\/\/metodologiarof.es\/wp-content\/uploads\/2024\/08\/cropped-FUTBOL-BASE.jpeg","width":240,"height":45,"caption":"Sociedad Deportiva LENENSE"},"image":{"@id":"https:\/\/metodologiarof.es\/#\/schema\/logo\/image\/"}}]}},"_links":{"self":[{"href":"https:\/\/metodologiarof.es\/index.php\/wp-json\/wp\/v2\/pages\/705","targetHints":{"allow":["GET"]}}],"collection":[{"href":"https:\/\/metodologiarof.es\/index.php\/wp-json\/wp\/v2\/pages"}],"about":[{"href":"https:\/\/metodologiarof.es\/index.php\/wp-json\/wp\/v2\/types\/page"}],"author":[{"embeddable":true,"href":"https:\/\/metodologiarof.es\/index.php\/wp-json\/wp\/v2\/users\/1"}],"replies":[{"embeddable":true,"href":"https:\/\/metodologiarof.es\/index.php\/wp-json\/wp\/v2\/comments?post=705"}],"version-history":[{"count":5,"href":"https:\/\/metodologiarof.es\/index.php\/wp-json\/wp\/v2\/pages\/705\/revisions"}],"predecessor-version":[{"id":1211,"href":"https:\/\/metodologiarof.es\/index.php\/wp-json\/wp\/v2\/pages\/705\/revisions\/1211"}],"wp:attachment":[{"href":"https:\/\/metodologiarof.es\/index.php\/wp-json\/wp\/v2\/media?parent=705"}],"curies":[{"name":"wp","href":"https:\/\/api.w.org\/{rel}","templated":true}]}}